{"id":2,"date":"2020-03-11T18:45:16","date_gmt":"2020-03-11T18:45:16","guid":{"rendered":"https:\/\/novili.com.co\/exp\/en-guarda\/?page_id=2"},"modified":"2020-08-14T10:21:35","modified_gmt":"2020-08-14T15:21:35","slug":"inicio","status":"publish","type":"page","link":"https:\/\/novili.com.co\/exp\/en-guarda\/","title":{"rendered":"Inicio"},"content":{"rendered":"<p>[et_pb_section fb_built=&#8221;1&#8243; disabled_on=&#8221;on|off|off&#8221; _builder_version=&#8221;3.21&#8243; background_image=&#8221;https:\/\/novili.com.co\/exp\/en-guarda\/wp-content\/uploads\/sites\/8\/2020\/07\/fondo-corchos-min.jpg&#8221; custom_css_main_element=&#8221;height: 300px&#8221;][\/et_pb_section][et_pb_section fb_built=&#8221;1&#8243; _builder_version=&#8221;3.21&#8243; background_image=&#8221;https:\/\/novili.com.co\/exp\/en-guarda\/wp-content\/uploads\/sites\/8\/2020\/07\/fondo-wallpaper-min.jpg&#8221;][et_pb_row make_equal=&#8221;on&#8221; module_class_2=&#8221;ds-vertical-align&#8221; _builder_version=&#8221;3.21&#8243; module_alignment=&#8221;center&#8221;][et_pb_column type=&#8221;3_5&#8243; _builder_version=&#8221;3.21&#8243;][et_pb_image src=&#8221;https:\/\/enguarda.com\/wp-content\/uploads\/sites\/6\/2020\/03\/titulo-en-guarda.png&#8221; align=&#8221;center&#8221; _builder_version=&#8221;3.21&#8243;][\/et_pb_image][et_pb_image src=&#8221;https:\/\/enguarda.com\/wp-content\/uploads\/sites\/6\/2020\/03\/titulo-nuestras-botellas-icono.png&#8221; align=&#8221;center&#8221; _builder_version=&#8221;3.21&#8243;][\/et_pb_image][et_pb_video src=&#8221;https:\/\/www.youtube.com\/watch?v=VW88_qeHIvA&#038;feature=emb_logo&#8221; image_src=&#8221;https:\/\/novili.com.co\/exp\/en-guarda\/wp-content\/uploads\/sites\/5\/2020\/02\/video-binvenida-daniel-calle.jpg&#8221; _builder_version=&#8221;3.21&#8243;][\/et_pb_video][\/et_pb_column][et_pb_column type=&#8221;2_5&#8243; _builder_version=&#8221;3.21&#8243;][et_pb_code _builder_version=&#8221;3.21&#8243;]<\/p>\n<div class=\"_form_37\"><\/div>\n<p><script src=\"https:\/\/vinosnobles.mundologico.com\/f\/embed.php?id=37\" type=\"text\/javascript\" charset=\"utf-8\"><\/script>[\/et_pb_code][\/et_pb_column][\/et_pb_row][et_pb_row _builder_version=&#8221;3.21&#8243;][et_pb_column type=&#8221;4_4&#8243; _builder_version=&#8221;3.21&#8243;][et_pb_text _builder_version=&#8221;3.21&#8243; text_font=&#8221;||||||||&#8221; text_text_color=&#8221;#FFFFFF&#8221; text_font_size=&#8221;20px&#8221;]<\/p>\n<p style=\"text-align: center;\">Reg\u00edstrate en Enguarda.com y s\u00e9 parte de los privilegiados que tendr\u00e1n acceso a botellas \u00edconos que han marcado la historia de nuestras bodegas.<\/p>\n<p>[\/et_pb_text][et_pb_image src=&#8221;https:\/\/novili.com.co\/exp\/en-guarda\/wp-content\/uploads\/sites\/8\/2020\/07\/titulo-los-socios-de-enguarda-pueden.png&#8221; align=&#8221;center&#8221; disabled_on=&#8221;on|off|off&#8221; _builder_version=&#8221;3.21&#8243;][\/et_pb_image][et_pb_image src=&#8221;https:\/\/novili.com.co\/exp\/en-guarda\/wp-content\/uploads\/sites\/5\/2020\/02\/titulo-los-socios-de-enguarda-pueden1.png&#8221; align=&#8221;center&#8221; disabled_on=&#8221;off|on|on&#8221; _builder_version=&#8221;3.21&#8243;][\/et_pb_image][\/et_pb_column][\/et_pb_row][et_pb_row _builder_version=&#8221;3.21&#8243;][et_pb_column type=&#8221;1_3&#8243; _builder_version=&#8221;3.21&#8243;][et_pb_blurb title=&#8221;Tener acceso a botellas exclusivas, ediciones y colecciones especiales.&#8221; image=&#8221;https:\/\/novili.com.co\/exp\/en-guarda\/wp-content\/uploads\/sites\/8\/2020\/07\/01-icono-botella.png&#8221; _builder_version=&#8221;3.21&#8243; header_font=&#8221;||||||||&#8221; header_text_align=&#8221;center&#8221; header_text_color=&#8221;#FFFFFF&#8221; header_font_size=&#8221;19px&#8221;][\/et_pb_blurb][\/et_pb_column][et_pb_column type=&#8221;1_3&#8243; _builder_version=&#8221;3.21&#8243;][et_pb_blurb title=&#8221;Recibir invitaciones a catas con expertos y personajes importantes del vino.&#8221; image=&#8221;https:\/\/novili.com.co\/exp\/en-guarda\/wp-content\/uploads\/sites\/8\/2020\/07\/02-icono-tiquete-vip.png&#8221; _builder_version=&#8221;3.21&#8243; header_font=&#8221;||||||||&#8221; header_text_align=&#8221;center&#8221; header_text_color=&#8221;#FFFFFF&#8221; header_font_size=&#8221;19px&#8221;][\/et_pb_blurb][\/et_pb_column][et_pb_column type=&#8221;1_3&#8243; _builder_version=&#8221;3.21&#8243;][et_pb_blurb title=&#8221;Contar con invitaciones a eventos y cursos exclusivos.&#8221; image=&#8221;https:\/\/novili.com.co\/exp\/en-guarda\/wp-content\/uploads\/sites\/8\/2020\/07\/03-invitaciones-especiales.png&#8221; _builder_version=&#8221;3.21&#8243; header_font=&#8221;||||||||&#8221; header_text_align=&#8221;center&#8221; header_text_color=&#8221;#FFFFFF&#8221; header_font_size=&#8221;19px&#8221;][\/et_pb_blurb][\/et_pb_column][\/et_pb_row][\/et_pb_section][et_pb_section fb_built=&#8221;1&#8243; _builder_version=&#8221;3.21&#8243; background_color=&#8221;#FFF1DE&#8221;][et_pb_row _builder_version=&#8221;3.21&#8243;][et_pb_column type=&#8221;2_5&#8243; _builder_version=&#8221;3.21&#8243;][et_pb_image src=&#8221;https:\/\/novili.com.co\/exp\/en-guarda\/wp-content\/uploads\/sites\/8\/2020\/07\/daniel-calle-gerente-vinos-nobles.jpg&#8221; align=&#8221;center&#8221; _builder_version=&#8221;3.21&#8243; max_width=&#8221;60%&#8221;][\/et_pb_image][\/et_pb_column][et_pb_column type=&#8221;3_5&#8243; _builder_version=&#8221;3.21&#8243;][et_pb_text _builder_version=&#8221;3.21&#8243; text_font=&#8221;||||||||&#8221; text_text_color=&#8221;#333333&#8243; text_font_size=&#8221;16px&#8221;]<\/p>\n<h3 style=\"box-sizing: inherit; clear: both; line-height: normal; margin: 0px; padding: 0px; color: #333333; font-size: 34px; font-weight: 300; font-family: 'Libre Franklin', 'Helvetica Neue', helvetica, arial, sans-serif; font-style: normal; font-variant-ligatures: normal; font-variant-caps: normal; letter-spacing: normal; orphans: 2; text-align: start; text-indent: 0px; text-transform: none; white-space: normal; widows: 2; word-spacing: 0px; -webkit-text-stroke-width: 0px; background-color: #fff1de; text-decoration-style: initial; text-decoration-color: initial;\">Daniel Calle<\/h3>\n<div style=\"box-sizing: inherit; color: #333333; font-family: 'Libre Franklin', 'Helvetica Neue', helvetica, arial, sans-serif; font-size: 16px; font-style: normal; font-variant-ligatures: normal; font-variant-caps: normal; font-weight: 400; letter-spacing: normal; orphans: 2; text-align: start; text-indent: 0px; text-transform: none; white-space: normal; widows: 2; word-spacing: 0px; -webkit-text-stroke-width: 0px; text-decoration-style: initial; text-decoration-color: initial; height: 2px; background-color: #9a8980; width: 185px; margin-bottom: 5px;\"><\/div>\n<h3 style=\"box-sizing: inherit; clear: both; line-height: 1.4; margin: 0px 0px 0.75em; padding: 0px; color: #333333; font-size: 1.375rem; font-weight: 600; font-family: 'Libre Franklin', 'Helvetica Neue', helvetica, arial, sans-serif; font-style: normal; font-variant-ligatures: normal; font-variant-caps: normal; letter-spacing: normal; orphans: 2; text-align: start; text-indent: 0px; text-transform: none; white-space: normal; widows: 2; word-spacing: 0px; -webkit-text-stroke-width: 0px; background-color: #fff1de; text-decoration-style: initial; text-decoration-color: initial;\">CEO &#8211; VINOS NOBLES<\/h3>\n<p><span style=\"color: #333333; font-family: 'Libre Franklin', 'Helvetica Neue', helvetica, arial, sans-serif; font-size: 16px; font-style: normal; font-variant-ligatures: normal; font-variant-caps: normal; font-weight: 400; letter-spacing: normal; orphans: 2; text-align: start; text-indent: 0px; text-transform: none; white-space: normal; widows: 2; word-spacing: 0px; -webkit-text-stroke-width: 0px; background-color: #fff1de; text-decoration-style: initial; text-decoration-color: initial; display: inline !important; float: none;\">\u201cDurante 20 a\u00f1os he recorrido el mundo en busca de sabores que sorprendan mi paladar y hoy quiero compartirlos. Enguarda.com nace como un espacio para exploradores de sabores que quieren dejarse envolver por los sentidos y el buen gusto.\u201d<\/span>[\/et_pb_text][\/et_pb_column][\/et_pb_row][\/et_pb_section][et_pb_section fb_built=&#8221;1&#8243; _builder_version=&#8221;3.21&#8243; background_image=&#8221;https:\/\/enguarda.com\/wp-content\/uploads\/sites\/6\/2020\/03\/fondo-02.jpg&#8221;][et_pb_row _builder_version=&#8221;3.21&#8243;][et_pb_column type=&#8221;4_4&#8243; _builder_version=&#8221;3.21&#8243;][et_pb_image src=&#8221;https:\/\/novili.com.co\/exp\/en-guarda\/wp-content\/uploads\/sites\/8\/2020\/07\/titulo-historias-en-guarda-1024&#215;52-1.png&#8221; align=&#8221;center&#8221; disabled_on=&#8221;on|off|off&#8221; _builder_version=&#8221;3.21&#8243;][\/et_pb_image][et_pb_image src=&#8221;https:\/\/novili.com.co\/exp\/en-guarda\/wp-content\/uploads\/sites\/5\/2020\/02\/titulo-historias-en-guarda-1024&#215;522-1.png&#8221; align=&#8221;center&#8221; disabled_on=&#8221;off|on|on&#8221; _builder_version=&#8221;3.21&#8243;][\/et_pb_image][\/et_pb_column][\/et_pb_row][et_pb_row use_custom_gutter=&#8221;on&#8221; gutter_width=&#8221;2&#8243; _builder_version=&#8221;3.21&#8243;][et_pb_column type=&#8221;1_3&#8243; _builder_version=&#8221;3.21&#8243;][et_pb_image src=&#8221;https:\/\/novili.com.co\/exp\/en-guarda\/wp-content\/uploads\/sites\/8\/2020\/07\/guia-descargable.png&#8221; url=&#8221;https:\/\/www.nxtbook.com\/ml\/VinosNobles\/CavaDeVinos\/index.php&#8221; url_new_window=&#8221;on&#8221; align=&#8221;center&#8221; _builder_version=&#8221;3.21&#8243;][\/et_pb_image][\/et_pb_column][et_pb_column type=&#8221;2_3&#8243; _builder_version=&#8221;3.21&#8243;][et_pb_video src=&#8221;https:\/\/www.youtube.com\/watch?v=JVFbaVqCuRE&#038;feature=emb_logo&#8221; image_src=&#8221;\/\/i.ytimg.com\/vi\/JVFbaVqCuRE\/hqdefault.jpg&#8221; _builder_version=&#8221;3.21&#8243;][\/et_pb_video][\/et_pb_column][\/et_pb_row][et_pb_row use_custom_gutter=&#8221;on&#8221; gutter_width=&#8221;2&#8243; custom_padding=&#8221;0|0px|27px|0px|false|false&#8221; _builder_version=&#8221;3.21&#8243; module_alignment=&#8221;center&#8221;][et_pb_column type=&#8221;1_3&#8243; _builder_version=&#8221;3.21&#8243;][et_pb_image src=&#8221;https:\/\/novili.com.co\/exp\/en-guarda\/wp-content\/uploads\/sites\/8\/2020\/03\/una-ginebra-premium-1.png&#8221; url=&#8221;https:\/\/novili.com.co\/blog\/fifty-pounds-una-lo-tiene-todo\/&#8221; url_new_window=&#8221;on&#8221; align=&#8221;center&#8221; _builder_version=&#8221;3.21&#8243;][\/et_pb_image][\/et_pb_column][et_pb_column type=&#8221;1_3&#8243; _builder_version=&#8221;3.21&#8243;][et_pb_image src=&#8221;https:\/\/novili.com.co\/exp\/en-guarda\/wp-content\/uploads\/sites\/8\/2020\/03\/download.png&#8221; url=&#8221;https:\/\/novili.com.co\/blog\/un-vino-para-celebrar\/&#8221; url_new_window=&#8221;on&#8221; align=&#8221;center&#8221; _builder_version=&#8221;3.21&#8243;][\/et_pb_image][\/et_pb_column][et_pb_column type=&#8221;1_3&#8243; _builder_version=&#8221;3.21&#8243;][et_pb_image src=&#8221;https:\/\/novili.com.co\/exp\/en-guarda\/wp-content\/uploads\/sites\/8\/2020\/03\/download-1.png&#8221; url=&#8221;https:\/\/novili.com.co\/blog\/un-vino-con-lalo-anton\/&#8221; url_new_window=&#8221;on&#8221; _builder_version=&#8221;3.21&#8243;][\/et_pb_image][\/et_pb_column][\/et_pb_row][\/et_pb_section][et_pb_section fb_built=&#8221;1&#8243; _builder_version=&#8221;3.21&#8243; background_color=&#8221;#FFF1DE&#8221; custom_padding=&#8221;54px|0px|0|0px|false|false&#8221;][et_pb_row _builder_version=&#8221;3.21&#8243;][et_pb_column type=&#8221;1_3&#8243; _builder_version=&#8221;3.21&#8243;][et_pb_text _builder_version=&#8221;3.21&#8243; text_font=&#8221;||||||||&#8221; text_text_color=&#8221;#333333&#8243; text_font_size=&#8221;16px&#8221;]<\/p>\n<h3><strong>VIDEOS RECOMENDADOS<\/strong><\/h3>\n<ul>\n<li><span style=\"color: #333333;\"><a href=\"https:\/\/www.youtube.com\/watch?v=iAPcbkU4NDU\" target=\"_blank\" rel=\"noopener noreferrer\" style=\"color: #333333;\">(Entrevista Completa) Enrique Mena nos cuenta la historia de Fentimas<\/a><\/span><\/li>\n<li><span style=\"color: #333333;\"><a href=\"https:\/\/www.youtube.com\/watch?v=2OheJlmbifo\" target=\"_blank\" rel=\"noopener noreferrer\" style=\"color: #333333;\">Sonia Montanares: El vino va con la personalidad&#8230; Yo soy Syrah<\/a><\/span><\/li>\n<li><span style=\"color: #333333;\"><a href=\"https:\/\/www.youtube.com\/watch?v=o698t1qVh7s\" target=\"_blank\" rel=\"noopener noreferrer\" style=\"color: #333333;\">\u00a1Mi palabra favorita es GRACIAS! Lalo Ant\u00f3n<\/a><\/span><\/li>\n<li><span style=\"color: #333333;\"><a href=\"https:\/\/www.youtube.com\/watch?v=N4ATZk5W7FY\" target=\"_blank\" rel=\"noopener noreferrer\" style=\"color: #333333;\">Pop DRINK con Daniel Calle<\/a><\/span><\/li>\n<li><a href=\"https:\/\/www.youtube.com\/watch?v=lZQj9qzmxxg\" target=\"_blank\" rel=\"noopener noreferrer\"><span style=\"color: #333333;\">Ver, oler y probar: Vermouth<\/span><\/a><\/li>\n<\/ul>\n<p>[\/et_pb_text][\/et_pb_column][et_pb_column type=&#8221;1_3&#8243; _builder_version=&#8221;3.21&#8243;][et_pb_text _builder_version=&#8221;3.21&#8243; text_font=&#8221;||||||||&#8221; text_text_color=&#8221;#333333&#8243; text_font_size=&#8221;16px&#8221;]<\/p>\n<div id=\"el-a069267c\" data-vce-do-apply=\"background border el-a069267c\">\n<div data-vce-element-content=\"true\" data-vce-do-apply=\"padding margin  el-a069267c\">\n<div>\n<div id=\"el-8221a5a7\" data-vce-do-apply=\"all el-8221a5a7\">\n<h3><strong>ART\u00cdCULOS RECOMENDADOS<\/strong><\/h3>\n<ul>\n<li><span style=\"color: #333333;\"><a href=\"https:\/\/www.novili.com.co\/blog\/3-vinos-montes-que-vale-la-pena-probar\/\" target=\"_blank\" rel=\"noopener noreferrer\" style=\"color: #333333;\">Montes: 3 vinos que valen la pena probar<\/a><\/span><\/li>\n<li><span style=\"color: #333333;\"><a href=\"https:\/\/www.novili.com.co\/blog\/altos-las-hormigas-22-amando-el-malbec\/\" target=\"_blank\" rel=\"noopener noreferrer\" style=\"color: #333333;\">Altos Las Hormigas, 22 a\u00f1os de amor al malbec<\/a><\/span><\/li>\n<li><span style=\"color: #333333;\"><a href=\"https:\/\/www.novili.com.co\/blog\/3-datos-curiosos-sobre-etiquetas-de-vinos\/\" target=\"_blank\" rel=\"noopener noreferrer\" style=\"color: #333333;\">3 datos curiosos sobre etiquetas de vino<\/a><\/span><\/li>\n<li><span style=\"color: #333333;\"><a href=\"https:\/\/www.novili.com.co\/blog\/criticos-de-vino-que-debes-conocer\/\" target=\"_blank\" rel=\"noopener noreferrer\" style=\"color: #333333;\">\u00bfCu\u00e1les son esos cr\u00edticos de vino que debes conocer? \u00a1Te contamos!<\/a><\/span><\/li>\n<li><span style=\"color: #333333;\"><a href=\"https:\/\/www.novili.com.co\/blog\/recomendado-agosto-izadi-crianza\/\" target=\"_blank\" rel=\"noopener noreferrer\" style=\"color: #333333;\">Izadi Crianza<\/a><\/span><\/li>\n<\/ul>\n<\/div>\n<\/div>\n<\/div>\n<\/div>\n<p>[\/et_pb_text][\/et_pb_column][et_pb_column type=&#8221;1_3&#8243; _builder_version=&#8221;3.21&#8243;][et_pb_text _builder_version=&#8221;3.21&#8243;]<\/p>\n<h3 style=\"text-align: center;\">Enguarda.com es una experiencia:<\/h3>\n<p>[\/et_pb_text][et_pb_image src=&#8221;https:\/\/novili.com.co\/exp\/en-guarda\/wp-content\/uploads\/sites\/8\/2020\/03\/novili-logo-footer-1.png&#8221; url=&#8221;https:\/\/novili.com.co\/&#8221; url_new_window=&#8221;on&#8221; align=&#8221;center&#8221; _builder_version=&#8221;3.21&#8243;][\/et_pb_image][et_pb_social_media_follow _builder_version=&#8221;3.21&#8243; text_orientation=&#8221;center&#8221;][et_pb_social_media_follow_network social_network=&#8221;facebook&#8221; url=&#8221;https:\/\/www.facebook.com\/novili.brindamosjuntos\/&#8221; _builder_version=&#8221;3.21&#8243; background_color=&#8221;#555555&#8243; border_radii=&#8221;on|50px|50px|50px|50px&#8221; custom_padding=&#8221;5px|5px|5px|5px|true|true&#8221; follow_button=&#8221;off&#8221; url_new_window=&#8221;on&#8221;]facebook[\/et_pb_social_media_follow_network][et_pb_social_media_follow_network social_network=&#8221;twitter&#8221; url=&#8221;https:\/\/twitter.com\/NoviliBrindamos&#8221; _builder_version=&#8221;3.21&#8243; background_color=&#8221;#555555&#8243; border_radii=&#8221;on|50px|50px|50px|50px&#8221; custom_padding=&#8221;5px|5px|5px|5px|true|true&#8221; follow_button=&#8221;off&#8221; url_new_window=&#8221;on&#8221;]twitter[\/et_pb_social_media_follow_network][et_pb_social_media_follow_network social_network=&#8221;instagram&#8221; url=&#8221;https:\/\/www.instagram.com\/novili.brindamosjuntos\/&#8221; _builder_version=&#8221;3.21&#8243; background_color=&#8221;#555555&#8243; border_radii=&#8221;on|50px|50px|50px|50px&#8221; custom_padding=&#8221;5px|5px|5px|5px|true|true&#8221; follow_button=&#8221;off&#8221; url_new_window=&#8221;on&#8221;]instagram[\/et_pb_social_media_follow_network][et_pb_social_media_follow_network social_network=&#8221;youtube&#8221; url=&#8221;https:\/\/www.youtube.com\/channel\/UCgIJjxI5CPEa6eoAxURQBxQ?view_as=subscriber&#8221; _builder_version=&#8221;3.21&#8243; background_color=&#8221;#555555&#8243; border_radii=&#8221;on|50px|50px|50px|50px&#8221; custom_padding=&#8221;5px|5px|5px|5px|true|true&#8221; follow_button=&#8221;off&#8221; url_new_window=&#8221;on&#8221;]youtube[\/et_pb_social_media_follow_network][\/et_pb_social_media_follow][\/et_pb_column][\/et_pb_row][et_pb_row _builder_version=&#8221;3.21&#8243;][et_pb_column type=&#8221;4_4&#8243; _builder_version=&#8221;3.21&#8243;][et_pb_text _builder_version=&#8221;3.21&#8243; text_font=&#8221;||||||||&#8221; text_text_color=&#8221;#333333&#8243; text_font_size=&#8221;16px&#8221;]<\/p>\n<p style=\"text-align: center;\">Brinda Responsablemente. El exceso de alcohol es perjudicial para la salud, Ley 30 de 1986. Proh\u00edbase el expendio de bebidas embriagantes a menores de edad, Ley 124 de 1994.<\/p>\n<p style=\"text-align: center;\">\u00a9 Novili 2020<\/p>\n<p>[\/et_pb_text][\/et_pb_column][\/et_pb_row][\/et_pb_section]<\/p>\n","protected":false},"excerpt":{"rendered":"<p>[et_pb_section fb_built=&#8221;1&#8243; disabled_on=&#8221;on|off|off&#8221; _builder_version=&#8221;3.21&#8243; background_image=&#8221;https:\/\/novili.com.co\/exp\/en-guarda\/wp-content\/uploads\/sites\/8\/2020\/07\/fondo-corchos-min.jpg&#8221; custom_css_main_element=&#8221;height: 300px&#8221;][\/et_pb_section][et_pb_section fb_built=&#8221;1&#8243; _builder_version=&#8221;3.21&#8243; background_image=&#8221;https:\/\/novili.com.co\/exp\/en-guarda\/wp-content\/uploads\/sites\/8\/2020\/07\/fondo-wallpaper-min.jpg&#8221;][et_pb_row make_equal=&#8221;on&#8221; module_class_2=&#8221;ds-vertical-align&#8221; _builder_version=&#8221;3.21&#8243; module_alignment=&#8221;center&#8221;][et_pb_column type=&#8221;3_5&#8243; _builder_version=&#8221;3.21&#8243;][et_pb_image src=&#8221;https:\/\/enguarda.com\/wp-content\/uploads\/sites\/6\/2020\/03\/titulo-en-guarda.png&#8221; align=&#8221;center&#8221; _builder_version=&#8221;3.21&#8243;][\/et_pb_image][et_pb_image src=&#8221;https:\/\/enguarda.com\/wp-content\/uploads\/sites\/6\/2020\/03\/titulo-nuestras-botellas-icono.png&#8221; align=&#8221;center&#8221; _builder_version=&#8221;3.21&#8243;][\/et_pb_image][et_pb_video src=&#8221;https:\/\/www.youtube.com\/watch?v=VW88_qeHIvA&#038;feature=emb_logo&#8221; image_src=&#8221;https:\/\/novili.com.co\/exp\/en-guarda\/wp-content\/uploads\/sites\/5\/2020\/02\/video-binvenida-daniel-calle.jpg&#8221; _builder_version=&#8221;3.21&#8243;][\/et_pb_video][\/et_pb_column][et_pb_column type=&#8221;2_5&#8243; _builder_version=&#8221;3.21&#8243;][et_pb_code _builder_version=&#8221;3.21&#8243;] [\/et_pb_code][\/et_pb_column][\/et_pb_row][et_pb_row _builder_version=&#8221;3.21&#8243;][et_pb_column type=&#8221;4_4&#8243; _builder_version=&#8221;3.21&#8243;][et_pb_text _builder_version=&#8221;3.21&#8243; text_font=&#8221;||||||||&#8221; text_text_color=&#8221;#FFFFFF&#8221; text_font_size=&#8221;20px&#8221;] Reg\u00edstrate en Enguarda.com y s\u00e9 parte de los privilegiados que tendr\u00e1n acceso a botellas \u00edconos que han marcado la [&hellip;]<\/p>\n","protected":false},"author":1,"featured_media":0,"parent":0,"menu_order":0,"comment_status":"closed","ping_status":"closed","template":"","meta":{"footnotes":""},"class_list":["post-2","page","type-page","status-publish","hentry"],"_links":{"self":[{"href":"https:\/\/novili.com.co\/exp\/en-guarda\/wp-json\/wp\/v2\/pages\/2","targetHints":{"allow":["GET"]}}],"collection":[{"href":"https:\/\/novili.com.co\/exp\/en-guarda\/wp-json\/wp\/v2\/pages"}],"about":[{"href":"https:\/\/novili.com.co\/exp\/en-guarda\/wp-json\/wp\/v2\/types\/page"}],"author":[{"embeddable":true,"href":"https:\/\/novili.com.co\/exp\/en-guarda\/wp-json\/wp\/v2\/users\/1"}],"replies":[{"embeddable":true,"href":"https:\/\/novili.com.co\/exp\/en-guarda\/wp-json\/wp\/v2\/comments?post=2"}],"version-history":[{"count":8,"href":"https:\/\/novili.com.co\/exp\/en-guarda\/wp-json\/wp\/v2\/pages\/2\/revisions"}],"predecessor-version":[{"id":40,"href":"https:\/\/novili.com.co\/exp\/en-guarda\/wp-json\/wp\/v2\/pages\/2\/revisions\/40"}],"wp:attachment":[{"href":"https:\/\/novili.com.co\/exp\/en-guarda\/wp-json\/wp\/v2\/media?parent=2"}],"curies":[{"name":"wp","href":"https:\/\/api.w.org\/{rel}","templated":true}]}}