{"id":3435,"date":"2018-08-10T16:41:22","date_gmt":"2018-08-10T21:41:22","guid":{"rendered":"https:\/\/novili.com.co\/blog\/?page_id=3435"},"modified":"2018-08-10T16:41:22","modified_gmt":"2018-08-10T21:41:22","slug":"guia-de-restaurantes-en-boyaca","status":"publish","type":"page","link":"https:\/\/novili.com.co\/blog\/guia-de-restaurantes-en-boyaca\/","title":{"rendered":"Gu\u00eda de Restaurantes en Boyac\u00e1"},"content":{"rendered":"<p style=\"font-size: 1.2em; line-height: normal; text-align: center;margin-bottom:50px;\">Los mejores restaurantes del pa\u00eds donde puedes encontrar nuestros vinos est\u00e1n aqu\u00ed \u00a1Rico con vino, mejor con los de Novili!<\/p>\n\n<table id=\"tablepress-7\" class=\"tablepress tablepress-id-7 tablepress-responsive\">\n<thead>\n<tr class=\"row-1\">\n\t<th class=\"column-1\">CIUDAD<\/th><th class=\"column-2\">RESTAURANTE \/ BAR<\/th><th class=\"column-3\">DIRECCI\u00d3N<\/th><th class=\"column-4\">INSTAGRAM<\/th><th class=\"column-5\">TEL\u00c9FONO<\/th>\n<\/tr>\n<\/thead>\n<tbody class=\"row-striping row-hover\">\n<tr class=\"row-2\">\n\t<td class=\"column-1\">Tunja<\/td><td class=\"column-2\">RESTAURANTE MACEDONIA<\/td><td class=\"column-3\">CALLE 23 # 9 -16<\/td><td class=\"column-4\">restaurante_macedonia<\/td><td class=\"column-5\">3102053758<\/td>\n<\/tr>\n<tr class=\"row-3\">\n\t<td class=\"column-1\">Tunja<\/td><td class=\"column-2\">CLUB BOYACA<\/td><td class=\"column-3\">CRA. 10 # 20-81<\/td><td class=\"column-4\">-<\/td><td class=\"column-5\">3138047280<\/td>\n<\/tr>\n<tr class=\"row-4\">\n\t<td class=\"column-1\">Tunja<\/td><td class=\"column-2\">RESTAURANTE PROA<\/td><td class=\"column-3\">CRA. 10 # 27 - 49<\/td><td class=\"column-4\">restaurante.proa<\/td><td class=\"column-5\">3195580015<\/td>\n<\/tr>\n<tr class=\"row-5\">\n\t<td class=\"column-1\">Tunja<\/td><td class=\"column-2\">LA PETAKA<\/td><td class=\"column-3\">CALLE 48 A # 1 ESTE, 3 PISO<\/td><td class=\"column-4\">lapetakacafe<\/td><td class=\"column-5\">3006009377<\/td>\n<\/tr>\n<tr class=\"row-6\">\n\t<td class=\"column-1\">Tunja<\/td><td class=\"column-2\">DIVINO RESTAURANTE<\/td><td class=\"column-3\">CRA. 8 # 31 - 53<\/td><td class=\"column-4\">divinorestunja<\/td><td class=\"column-5\">3158082068<\/td>\n<\/tr>\n<tr class=\"row-7\">\n\t<td class=\"column-1\">VILLA de LEYVA<\/td><td class=\"column-2\">BARRAS DE LA VILLA<\/td><td class=\"column-3\">CALLE 13 # 8 - 95<\/td><td class=\"column-4\">barrasdelavilla<\/td><td class=\"column-5\">3214557466<\/td>\n<\/tr>\n<tr class=\"row-8\">\n\t<td class=\"column-1\">VILLA de LEYVA<\/td><td class=\"column-2\">EL ALMACEN<\/td><td class=\"column-3\">CALLE 13 # 9 - 30<\/td><td class=\"column-4\">el.almacen.restaurante<\/td><td class=\"column-5\">3002036755<\/td>\n<\/tr>\n<tr class=\"row-9\">\n\t<td class=\"column-1\">VILLA de LEYVA<\/td><td class=\"column-2\">EL PATIO<\/td><td class=\"column-3\">CALLE 13 # 8 - 03<\/td><td class=\"column-4\">elpatiovilladeleyvaparrilla<\/td><td class=\"column-5\">3115156163<\/td>\n<\/tr>\n<tr class=\"row-10\">\n\t<td class=\"column-1\">VILLA de LEYVA<\/td><td class=\"column-2\">LA MARIA BISTRO<\/td><td class=\"column-3\">CRA. 8 # 11-56<\/td><td class=\"column-4\">bistro.lamaria<\/td><td class=\"column-5\">3168350127<\/td>\n<\/tr>\n<tr class=\"row-11\">\n\t<td class=\"column-1\">VILLA de LEYVA<\/td><td class=\"column-2\">EL SOLAR DE LA GAUAKA<\/td><td class=\"column-3\">CRA. 9 # 13 - 55<\/td><td class=\"column-4\">elsolardelaguaca<\/td><td class=\"column-5\">3133503933<\/td>\n<\/tr>\n<tr class=\"row-12\">\n\t<td class=\"column-1\">VILLA de LEYVA<\/td><td class=\"column-2\">CASA SAN PEDRO CENTRAL<\/td><td class=\"column-3\">CALLE 12 # 10 -96<\/td><td class=\"column-4\">casasanpedro_<\/td><td class=\"column-5\">3103307677<\/td>\n<\/tr>\n<tr class=\"row-13\">\n\t<td class=\"column-1\">VILLA de LEYVA<\/td><td class=\"column-2\">CASA SAN PEDRO CAMPESTRE<\/td><td class=\"column-3\">KM.1 VIA FOSIL -COLSUBSIDIO<\/td><td class=\"column-4\">casasanpedro_<\/td><td class=\"column-5\">3103307677<\/td>\n<\/tr>\n<tr class=\"row-14\">\n\t<td class=\"column-1\">VILLA de LEYVA<\/td><td class=\"column-2\">HOTEL CASA LOS FUNDADORES<\/td><td class=\"column-3\">KM. 1 VIA GUANANI<\/td><td class=\"column-4\">hotelcasadelosfundadores<\/td><td class=\"column-5\">3132954039<\/td>\n<\/tr>\n<tr class=\"row-15\">\n\t<td class=\"column-1\">VILLA de LEYVA<\/td><td class=\"column-2\">ARTESANA BURGER Y MUSIC<\/td><td class=\"column-3\">CRA. 10 # 13 - 33<\/td><td class=\"column-4\">artesanaburgermusic<\/td><td class=\"column-5\">3015415919<\/td>\n<\/tr>\n<tr class=\"row-16\">\n\t<td class=\"column-1\">VILLA de LEYVA<\/td><td class=\"column-2\">LA GRAN VILLA RESTAURANTE<\/td><td class=\"column-3\">CRA. 10 # 12 - 13<\/td><td class=\"column-4\">-<\/td><td class=\"column-5\">3138763378<\/td>\n<\/tr>\n<tr class=\"row-17\">\n\t<td class=\"column-1\">VILLA de LEYVA<\/td><td class=\"column-2\">TORTELLO<\/td><td class=\"column-3\">CRA. 13 # 10 -67<\/td><td class=\"column-4\">tortellorestaurante<\/td><td class=\"column-5\">3165758412<\/td>\n<\/tr>\n<tr class=\"row-18\">\n\t<td class=\"column-1\">TIBASOSA<\/td><td class=\"column-2\">BOYACA REAL<\/td><td class=\"column-3\">CRA. 10 # 5 - 56<\/td><td class=\"column-4\">restauranteboyacareal<\/td><td class=\"column-5\">3003235922<\/td>\n<\/tr>\n<tr class=\"row-19\">\n\t<td class=\"column-1\">COMBITA<\/td><td class=\"column-2\">CLUB EL LLANO<\/td><td class=\"column-3\">FINCA EL LLANO, VEREDA SAN ISIDRO, COMBITA<\/td><td class=\"column-4\">restauranteataoficial<\/td><td class=\"column-5\">3004649516<\/td>\n<\/tr>\n<tr class=\"row-20\">\n\t<td class=\"column-1\">PAIPA<\/td><td class=\"column-2\">HOTEL SOCHAGOTA<\/td><td class=\"column-3\">KM 2. VIA LAS PISCINAS<\/td><td class=\"column-4\">hotelsochagota<\/td><td class=\"column-5\">3105690854<\/td>\n<\/tr>\n<\/tbody>\n<\/table>\n<!-- #tablepress-7 from cache -->\n","protected":false},"excerpt":{"rendered":"<p>Los mejores restaurantes del pa\u00eds donde puedes encontrar nuestros vinos est\u00e1n aqu\u00ed \u00a1Rico con vino, mejor con los de Novili!<\/p>\n","protected":false},"author":2,"featured_media":0,"parent":0,"menu_order":0,"comment_status":"closed","ping_status":"closed","template":"","meta":{"footnotes":""},"class_list":["post-3435","page","type-page","status-publish","hentry"],"yoast_head":"<!-- This site is optimized with the Yoast SEO plugin v27.3 - https:\/\/yoast.com\/product\/yoast-seo-wordpress\/ -->\n<title>Gu\u00eda de Restaurantes en Boyac\u00e1 - Blog N\u00f3vili<\/title>\n<meta name=\"robots\" content=\"index, follow, max-snippet:-1, max-image-preview:large, max-video-preview:-1\" \/>\n<link rel=\"canonical\" href=\"https:\/\/novili.com.co\/blog\/guia-de-restaurantes-en-boyaca\/\" \/>\n<meta property=\"og:locale\" content=\"es_ES\" \/>\n<meta property=\"og:type\" content=\"article\" \/>\n<meta property=\"og:title\" content=\"Gu\u00eda de Restaurantes en Boyac\u00e1 - Blog N\u00f3vili\" \/>\n<meta property=\"og:description\" content=\"Los mejores restaurantes del pa\u00eds donde puedes encontrar nuestros vinos est\u00e1n aqu\u00ed \u00a1Rico con vino, mejor con los de Novili!\" \/>\n<meta property=\"og:url\" content=\"https:\/\/novili.com.co\/blog\/guia-de-restaurantes-en-boyaca\/\" \/>\n<meta property=\"og:site_name\" content=\"Blog N\u00f3vili\" \/>\n<meta property=\"article:publisher\" content=\"https:\/\/www.facebook.com\/novili.brindamosjuntos\/\" \/>\n<meta name=\"twitter:card\" content=\"summary_large_image\" \/>\n<meta name=\"twitter:site\" content=\"@NoviliBrindamos\" \/>\n<script type=\"application\/ld+json\" class=\"yoast-schema-graph\">{\"@context\":\"https:\\\/\\\/schema.org\",\"@graph\":[{\"@type\":\"WebPage\",\"@id\":\"https:\\\/\\\/novili.com.co\\\/blog\\\/guia-de-restaurantes-en-boyaca\\\/\",\"url\":\"https:\\\/\\\/novili.com.co\\\/blog\\\/guia-de-restaurantes-en-boyaca\\\/\",\"name\":\"Gu\u00eda de Restaurantes en Boyac\u00e1 - Blog N\u00f3vili\",\"isPartOf\":{\"@id\":\"https:\\\/\\\/novili.com.co\\\/blog\\\/#website\"},\"datePublished\":\"2018-08-10T21:41:22+00:00\",\"breadcrumb\":{\"@id\":\"https:\\\/\\\/novili.com.co\\\/blog\\\/guia-de-restaurantes-en-boyaca\\\/#breadcrumb\"},\"inLanguage\":\"es\",\"potentialAction\":[{\"@type\":\"ReadAction\",\"target\":[\"https:\\\/\\\/novili.com.co\\\/blog\\\/guia-de-restaurantes-en-boyaca\\\/\"]}]},{\"@type\":\"BreadcrumbList\",\"@id\":\"https:\\\/\\\/novili.com.co\\\/blog\\\/guia-de-restaurantes-en-boyaca\\\/#breadcrumb\",\"itemListElement\":[{\"@type\":\"ListItem\",\"position\":1,\"name\":\"Inicio\",\"item\":\"https:\\\/\\\/novili.com.co\\\/blog\\\/\"},{\"@type\":\"ListItem\",\"position\":2,\"name\":\"Gu\u00eda de Restaurantes en Boyac\u00e1\"}]},{\"@type\":\"WebSite\",\"@id\":\"https:\\\/\\\/novili.com.co\\\/blog\\\/#website\",\"url\":\"https:\\\/\\\/novili.com.co\\\/blog\\\/\",\"name\":\"Blog N\u00f3vili\",\"description\":\"Un blog para aprender, descubrir y divertirse con lo mejor de los licores.\",\"potentialAction\":[{\"@type\":\"SearchAction\",\"target\":{\"@type\":\"EntryPoint\",\"urlTemplate\":\"https:\\\/\\\/novili.com.co\\\/blog\\\/?s={search_term_string}\"},\"query-input\":{\"@type\":\"PropertyValueSpecification\",\"valueRequired\":true,\"valueName\":\"search_term_string\"}}],\"inLanguage\":\"es\"}]}<\/script>\n<!-- \/ Yoast SEO plugin. -->","yoast_head_json":{"title":"Gu\u00eda de Restaurantes en Boyac\u00e1 - Blog N\u00f3vili","robots":{"index":"index","follow":"follow","max-snippet":"max-snippet:-1","max-image-preview":"max-image-preview:large","max-video-preview":"max-video-preview:-1"},"canonical":"https:\/\/novili.com.co\/blog\/guia-de-restaurantes-en-boyaca\/","og_locale":"es_ES","og_type":"article","og_title":"Gu\u00eda de Restaurantes en Boyac\u00e1 - Blog N\u00f3vili","og_description":"Los mejores restaurantes del pa\u00eds donde puedes encontrar nuestros vinos est\u00e1n aqu\u00ed \u00a1Rico con vino, mejor con los de Novili!","og_url":"https:\/\/novili.com.co\/blog\/guia-de-restaurantes-en-boyaca\/","og_site_name":"Blog N\u00f3vili","article_publisher":"https:\/\/www.facebook.com\/novili.brindamosjuntos\/","twitter_card":"summary_large_image","twitter_site":"@NoviliBrindamos","schema":{"@context":"https:\/\/schema.org","@graph":[{"@type":"WebPage","@id":"https:\/\/novili.com.co\/blog\/guia-de-restaurantes-en-boyaca\/","url":"https:\/\/novili.com.co\/blog\/guia-de-restaurantes-en-boyaca\/","name":"Gu\u00eda de Restaurantes en Boyac\u00e1 - Blog N\u00f3vili","isPartOf":{"@id":"https:\/\/novili.com.co\/blog\/#website"},"datePublished":"2018-08-10T21:41:22+00:00","breadcrumb":{"@id":"https:\/\/novili.com.co\/blog\/guia-de-restaurantes-en-boyaca\/#breadcrumb"},"inLanguage":"es","potentialAction":[{"@type":"ReadAction","target":["https:\/\/novili.com.co\/blog\/guia-de-restaurantes-en-boyaca\/"]}]},{"@type":"BreadcrumbList","@id":"https:\/\/novili.com.co\/blog\/guia-de-restaurantes-en-boyaca\/#breadcrumb","itemListElement":[{"@type":"ListItem","position":1,"name":"Inicio","item":"https:\/\/novili.com.co\/blog\/"},{"@type":"ListItem","position":2,"name":"Gu\u00eda de Restaurantes en Boyac\u00e1"}]},{"@type":"WebSite","@id":"https:\/\/novili.com.co\/blog\/#website","url":"https:\/\/novili.com.co\/blog\/","name":"Blog N\u00f3vili","description":"Un blog para aprender, descubrir y divertirse con lo mejor de los licores.","potentialAction":[{"@type":"SearchAction","target":{"@type":"EntryPoint","urlTemplate":"https:\/\/novili.com.co\/blog\/?s={search_term_string}"},"query-input":{"@type":"PropertyValueSpecification","valueRequired":true,"valueName":"search_term_string"}}],"inLanguage":"es"}]}},"_links":{"self":[{"href":"https:\/\/novili.com.co\/blog\/wp-json\/wp\/v2\/pages\/3435","targetHints":{"allow":["GET"]}}],"collection":[{"href":"https:\/\/novili.com.co\/blog\/wp-json\/wp\/v2\/pages"}],"about":[{"href":"https:\/\/novili.com.co\/blog\/wp-json\/wp\/v2\/types\/page"}],"author":[{"embeddable":true,"href":"https:\/\/novili.com.co\/blog\/wp-json\/wp\/v2\/users\/2"}],"replies":[{"embeddable":true,"href":"https:\/\/novili.com.co\/blog\/wp-json\/wp\/v2\/comments?post=3435"}],"version-history":[{"count":1,"href":"https:\/\/novili.com.co\/blog\/wp-json\/wp\/v2\/pages\/3435\/revisions"}],"predecessor-version":[{"id":3436,"href":"https:\/\/novili.com.co\/blog\/wp-json\/wp\/v2\/pages\/3435\/revisions\/3436"}],"wp:attachment":[{"href":"https:\/\/novili.com.co\/blog\/wp-json\/wp\/v2\/media?parent=3435"}],"curies":[{"name":"wp","href":"https:\/\/api.w.org\/{rel}","templated":true}]}}