{"id":3271,"date":"2018-07-24T12:15:59","date_gmt":"2018-07-24T17:15:59","guid":{"rendered":"https:\/\/novili.com.co\/blog\/?page_id=3271"},"modified":"2018-08-10T17:05:19","modified_gmt":"2018-08-10T22:05:19","slug":"guia-de-restaurantes-en-colombia","status":"publish","type":"page","link":"https:\/\/novili.com.co\/blog\/guia-de-restaurantes-en-colombia\/","title":{"rendered":"Gu\u00eda de Restaurantes en Colombia"},"content":{"rendered":"<p style=\"font-size: 1.2em; line-height: normal; text-align: center; margin-bottom: 50px;\">Los mejores restaurantes del pa\u00eds donde puedes encontrar nuestros vinos est\u00e1n aqu\u00ed \u00a1Rico con vino, mejor con los de Novili!<\/p>\n<div id=\"portadas-ciudades\">\n<ul>\n<li class=\"portada\" title=\"Bogot\u00e1\"><a href=\"https:\/\/novili.com.co\/blog\/guia-de-restaurantes-en-bogota\/\"><img decoding=\"async\" src=\"https:\/\/novili.com.co\/blog\/wp-content\/uploads\/2018\/07\/portada-bogota.jpg\" \/><\/a><\/li>\n<li class=\"portada\" title=\"Barranquilla\"><a href=\"https:\/\/novili.com.co\/blog\/guia-de-restaurantes-en-barranquilla\/\"><img decoding=\"async\" src=\"https:\/\/novili.com.co\/blog\/wp-content\/uploads\/2018\/07\/tienda-barranquilla.jpg\" \/><\/a><\/li>\n<li class=\"portada\" title=\"Cartagena\"><a href=\"https:\/\/novili.com.co\/blog\/guia-de-restaurantes-en-cartagena\/\"><img decoding=\"async\" src=\"https:\/\/novili.com.co\/blog\/wp-content\/uploads\/2018\/07\/tienda-cartagena.jpg\" \/><\/a><\/li>\n<li class=\"portada\" title=\"Cali\"><a href=\"https:\/\/novili.com.co\/blog\/guia-de-restaurantes-en-cali\/\"><img decoding=\"async\" src=\"https:\/\/novili.com.co\/blog\/wp-content\/uploads\/2018\/07\/tienda-cali.jpg\" \/><\/a><\/li>\n<li class=\"portada\" title=\"Pereira\"><a href=\"https:\/\/novili.com.co\/blog\/guia-de-restaurantes-en-pereira\/\"><img decoding=\"async\" src=\"https:\/\/novili.com.co\/blog\/wp-content\/uploads\/2018\/07\/tienda-pereira.jpg\" \/><\/a><\/li>\n<li class=\"portada\" title=\"Medell\u00edn\"><a href=\"https:\/\/novili.com.co\/blog\/guia-de-restaurantes-en-medellin\/\"><img decoding=\"async\" src=\"https:\/\/novili.com.co\/blog\/wp-content\/uploads\/2018\/07\/tienda-medellin.jpg\" \/><\/a><\/li>\n<li class=\"portada\" title=\"Boyac\u00e1\"><a href=\"https:\/\/novili.com.co\/blog\/guia-de-restaurantes-en-boyaca\/\"><img decoding=\"async\" src=\"https:\/\/novili.com.co\/blog\/wp-content\/uploads\/2018\/08\/tienda-boyaca.jpg\" \/><\/a><\/li>\n<\/ul>\n<\/div>\n","protected":false},"excerpt":{"rendered":"<p>Los mejores restaurantes del pa\u00eds donde puedes encontrar nuestros vinos est\u00e1n aqu\u00ed \u00a1Rico con vino, mejor con los de Novili!<\/p>\n","protected":false},"author":2,"featured_media":0,"parent":0,"menu_order":0,"comment_status":"closed","ping_status":"closed","template":"","meta":{"footnotes":""},"class_list":["post-3271","page","type-page","status-publish","hentry"],"yoast_head":"<!-- This site is optimized with the Yoast SEO plugin v27.3 - https:\/\/yoast.com\/product\/yoast-seo-wordpress\/ -->\n<title>Gu\u00eda de Restaurantes en Colombia - Blog N\u00f3vili<\/title>\n<meta name=\"robots\" content=\"index, follow, max-snippet:-1, max-image-preview:large, max-video-preview:-1\" \/>\n<link rel=\"canonical\" href=\"https:\/\/novili.com.co\/blog\/guia-de-restaurantes-en-colombia\/\" \/>\n<meta property=\"og:locale\" content=\"es_ES\" \/>\n<meta property=\"og:type\" content=\"article\" \/>\n<meta property=\"og:title\" content=\"Gu\u00eda de Restaurantes en Colombia - Blog N\u00f3vili\" \/>\n<meta property=\"og:description\" content=\"Los mejores restaurantes del pa\u00eds donde puedes encontrar nuestros vinos est\u00e1n aqu\u00ed \u00a1Rico con vino, mejor con los de Novili!\" \/>\n<meta property=\"og:url\" content=\"https:\/\/novili.com.co\/blog\/guia-de-restaurantes-en-colombia\/\" \/>\n<meta property=\"og:site_name\" content=\"Blog N\u00f3vili\" \/>\n<meta property=\"article:publisher\" content=\"https:\/\/www.facebook.com\/novili.brindamosjuntos\/\" \/>\n<meta property=\"article:modified_time\" content=\"2018-08-10T22:05:19+00:00\" \/>\n<meta property=\"og:image\" content=\"https:\/\/novili.com.co\/blog\/wp-content\/uploads\/2018\/07\/portada-bogota.jpg\" \/>\n<meta name=\"twitter:card\" content=\"summary_large_image\" \/>\n<meta name=\"twitter:site\" content=\"@NoviliBrindamos\" \/>\n<script type=\"application\/ld+json\" class=\"yoast-schema-graph\">{\"@context\":\"https:\\\/\\\/schema.org\",\"@graph\":[{\"@type\":\"WebPage\",\"@id\":\"https:\\\/\\\/novili.com.co\\\/blog\\\/guia-de-restaurantes-en-colombia\\\/\",\"url\":\"https:\\\/\\\/novili.com.co\\\/blog\\\/guia-de-restaurantes-en-colombia\\\/\",\"name\":\"Gu\u00eda de Restaurantes en Colombia - Blog N\u00f3vili\",\"isPartOf\":{\"@id\":\"https:\\\/\\\/novili.com.co\\\/blog\\\/#website\"},\"primaryImageOfPage\":{\"@id\":\"https:\\\/\\\/novili.com.co\\\/blog\\\/guia-de-restaurantes-en-colombia\\\/#primaryimage\"},\"image\":{\"@id\":\"https:\\\/\\\/novili.com.co\\\/blog\\\/guia-de-restaurantes-en-colombia\\\/#primaryimage\"},\"thumbnailUrl\":\"https:\\\/\\\/novili.com.co\\\/blog\\\/wp-content\\\/uploads\\\/2018\\\/07\\\/portada-bogota.jpg\",\"datePublished\":\"2018-07-24T17:15:59+00:00\",\"dateModified\":\"2018-08-10T22:05:19+00:00\",\"breadcrumb\":{\"@id\":\"https:\\\/\\\/novili.com.co\\\/blog\\\/guia-de-restaurantes-en-colombia\\\/#breadcrumb\"},\"inLanguage\":\"es\",\"potentialAction\":[{\"@type\":\"ReadAction\",\"target\":[\"https:\\\/\\\/novili.com.co\\\/blog\\\/guia-de-restaurantes-en-colombia\\\/\"]}]},{\"@type\":\"ImageObject\",\"inLanguage\":\"es\",\"@id\":\"https:\\\/\\\/novili.com.co\\\/blog\\\/guia-de-restaurantes-en-colombia\\\/#primaryimage\",\"url\":\"https:\\\/\\\/novili.com.co\\\/blog\\\/wp-content\\\/uploads\\\/2018\\\/07\\\/portada-bogota.jpg\",\"contentUrl\":\"https:\\\/\\\/novili.com.co\\\/blog\\\/wp-content\\\/uploads\\\/2018\\\/07\\\/portada-bogota.jpg\",\"width\":400,\"height\":300},{\"@type\":\"BreadcrumbList\",\"@id\":\"https:\\\/\\\/novili.com.co\\\/blog\\\/guia-de-restaurantes-en-colombia\\\/#breadcrumb\",\"itemListElement\":[{\"@type\":\"ListItem\",\"position\":1,\"name\":\"Inicio\",\"item\":\"https:\\\/\\\/novili.com.co\\\/blog\\\/\"},{\"@type\":\"ListItem\",\"position\":2,\"name\":\"Gu\u00eda de Restaurantes en Colombia\"}]},{\"@type\":\"WebSite\",\"@id\":\"https:\\\/\\\/novili.com.co\\\/blog\\\/#website\",\"url\":\"https:\\\/\\\/novili.com.co\\\/blog\\\/\",\"name\":\"Blog N\u00f3vili\",\"description\":\"Un blog para aprender, descubrir y divertirse con lo mejor de los licores.\",\"potentialAction\":[{\"@type\":\"SearchAction\",\"target\":{\"@type\":\"EntryPoint\",\"urlTemplate\":\"https:\\\/\\\/novili.com.co\\\/blog\\\/?s={search_term_string}\"},\"query-input\":{\"@type\":\"PropertyValueSpecification\",\"valueRequired\":true,\"valueName\":\"search_term_string\"}}],\"inLanguage\":\"es\"}]}<\/script>\n<!-- \/ Yoast SEO plugin. -->","yoast_head_json":{"title":"Gu\u00eda de Restaurantes en Colombia - Blog N\u00f3vili","robots":{"index":"index","follow":"follow","max-snippet":"max-snippet:-1","max-image-preview":"max-image-preview:large","max-video-preview":"max-video-preview:-1"},"canonical":"https:\/\/novili.com.co\/blog\/guia-de-restaurantes-en-colombia\/","og_locale":"es_ES","og_type":"article","og_title":"Gu\u00eda de Restaurantes en Colombia - Blog N\u00f3vili","og_description":"Los mejores restaurantes del pa\u00eds donde puedes encontrar nuestros vinos est\u00e1n aqu\u00ed \u00a1Rico con vino, mejor con los de Novili!","og_url":"https:\/\/novili.com.co\/blog\/guia-de-restaurantes-en-colombia\/","og_site_name":"Blog N\u00f3vili","article_publisher":"https:\/\/www.facebook.com\/novili.brindamosjuntos\/","article_modified_time":"2018-08-10T22:05:19+00:00","og_image":[{"url":"https:\/\/novili.com.co\/blog\/wp-content\/uploads\/2018\/07\/portada-bogota.jpg","type":"","width":"","height":""}],"twitter_card":"summary_large_image","twitter_site":"@NoviliBrindamos","schema":{"@context":"https:\/\/schema.org","@graph":[{"@type":"WebPage","@id":"https:\/\/novili.com.co\/blog\/guia-de-restaurantes-en-colombia\/","url":"https:\/\/novili.com.co\/blog\/guia-de-restaurantes-en-colombia\/","name":"Gu\u00eda de Restaurantes en Colombia - Blog N\u00f3vili","isPartOf":{"@id":"https:\/\/novili.com.co\/blog\/#website"},"primaryImageOfPage":{"@id":"https:\/\/novili.com.co\/blog\/guia-de-restaurantes-en-colombia\/#primaryimage"},"image":{"@id":"https:\/\/novili.com.co\/blog\/guia-de-restaurantes-en-colombia\/#primaryimage"},"thumbnailUrl":"https:\/\/novili.com.co\/blog\/wp-content\/uploads\/2018\/07\/portada-bogota.jpg","datePublished":"2018-07-24T17:15:59+00:00","dateModified":"2018-08-10T22:05:19+00:00","breadcrumb":{"@id":"https:\/\/novili.com.co\/blog\/guia-de-restaurantes-en-colombia\/#breadcrumb"},"inLanguage":"es","potentialAction":[{"@type":"ReadAction","target":["https:\/\/novili.com.co\/blog\/guia-de-restaurantes-en-colombia\/"]}]},{"@type":"ImageObject","inLanguage":"es","@id":"https:\/\/novili.com.co\/blog\/guia-de-restaurantes-en-colombia\/#primaryimage","url":"https:\/\/novili.com.co\/blog\/wp-content\/uploads\/2018\/07\/portada-bogota.jpg","contentUrl":"https:\/\/novili.com.co\/blog\/wp-content\/uploads\/2018\/07\/portada-bogota.jpg","width":400,"height":300},{"@type":"BreadcrumbList","@id":"https:\/\/novili.com.co\/blog\/guia-de-restaurantes-en-colombia\/#breadcrumb","itemListElement":[{"@type":"ListItem","position":1,"name":"Inicio","item":"https:\/\/novili.com.co\/blog\/"},{"@type":"ListItem","position":2,"name":"Gu\u00eda de Restaurantes en Colombia"}]},{"@type":"WebSite","@id":"https:\/\/novili.com.co\/blog\/#website","url":"https:\/\/novili.com.co\/blog\/","name":"Blog N\u00f3vili","description":"Un blog para aprender, descubrir y divertirse con lo mejor de los licores.","potentialAction":[{"@type":"SearchAction","target":{"@type":"EntryPoint","urlTemplate":"https:\/\/novili.com.co\/blog\/?s={search_term_string}"},"query-input":{"@type":"PropertyValueSpecification","valueRequired":true,"valueName":"search_term_string"}}],"inLanguage":"es"}]}},"_links":{"self":[{"href":"https:\/\/novili.com.co\/blog\/wp-json\/wp\/v2\/pages\/3271","targetHints":{"allow":["GET"]}}],"collection":[{"href":"https:\/\/novili.com.co\/blog\/wp-json\/wp\/v2\/pages"}],"about":[{"href":"https:\/\/novili.com.co\/blog\/wp-json\/wp\/v2\/types\/page"}],"author":[{"embeddable":true,"href":"https:\/\/novili.com.co\/blog\/wp-json\/wp\/v2\/users\/2"}],"replies":[{"embeddable":true,"href":"https:\/\/novili.com.co\/blog\/wp-json\/wp\/v2\/comments?post=3271"}],"version-history":[{"count":18,"href":"https:\/\/novili.com.co\/blog\/wp-json\/wp\/v2\/pages\/3271\/revisions"}],"predecessor-version":[{"id":3444,"href":"https:\/\/novili.com.co\/blog\/wp-json\/wp\/v2\/pages\/3271\/revisions\/3444"}],"wp:attachment":[{"href":"https:\/\/novili.com.co\/blog\/wp-json\/wp\/v2\/media?parent=3271"}],"curies":[{"name":"wp","href":"https:\/\/api.w.org\/{rel}","templated":true}]}}