{"id":3236,"date":"2018-07-23T09:27:25","date_gmt":"2018-07-23T14:27:25","guid":{"rendered":"https:\/\/novili.com.co\/blog\/?page_id=3236"},"modified":"2018-07-31T16:49:34","modified_gmt":"2018-07-31T21:49:34","slug":"guia-de-restaurantes-en-cali","status":"publish","type":"page","link":"https:\/\/novili.com.co\/blog\/guia-de-restaurantes-en-cali\/","title":{"rendered":"Gu\u00eda de Restaurantes en Cali"},"content":{"rendered":"<p style=\"font-size: 1.2em; line-height: normal; text-align: center;margin-bottom:50px;\">Los mejores restaurantes del pa\u00eds donde puedes encontrar nuestros vinos est\u00e1n aqu\u00ed \u00a1Rico con vino, mejor con los de Novili!<\/p>\n\n<table id=\"tablepress-2\" class=\"tablepress tablepress-id-2 tablepress-responsive\">\n<thead>\n<tr class=\"row-1\">\n\t<th class=\"column-1\">RESTAURANTE \/ BAR<\/th><th class=\"column-2\">DIRECCI\u00d3N<\/th><th class=\"column-3\">TEL\u00c9FONO<\/th><th class=\"column-4\">INSTAGRAM<\/th>\n<\/tr>\n<\/thead>\n<tbody class=\"row-striping row-hover\">\n<tr class=\"row-2\">\n\t<td class=\"column-1\">PACIFICO<\/td><td class=\"column-2\">AVDA 9 NTE #12 - 18<\/td><td class=\"column-3\">6533753 - 3155058112<\/td><td class=\"column-4\">pacificorestaurante<\/td>\n<\/tr>\n<tr class=\"row-3\">\n\t<td class=\"column-1\">SHERATON DE CALI<\/td><td class=\"column-2\">CALLE 18 NTE # 4 N - 08<\/td><td class=\"column-3\">6859999- 3165285418<\/td><td class=\"column-4\">fourpointscali<\/td>\n<\/tr>\n<tr class=\"row-4\">\n\t<td class=\"column-1\">HOTEL INTERCONTINENTAL<\/td><td class=\"column-2\">AVDA COLOMBIA # 2 - 72<\/td><td class=\"column-3\">8823225<\/td><td class=\"column-4\">intercontinental_cali<\/td>\n<\/tr>\n<tr class=\"row-5\">\n\t<td class=\"column-1\">CLUB COLOMBIA<\/td><td class=\"column-2\">AVDA 3 N 3 16 N 23<\/td><td class=\"column-3\">6087600<\/td><td class=\"column-4\">club_colombia_<\/td>\n<\/tr>\n<tr class=\"row-6\">\n\t<td class=\"column-1\">HOTEL MARRIOT<\/td><td class=\"column-2\">VDA 8 NTE # 10- 18<\/td><td class=\"column-3\">4854545<\/td><td class=\"column-4\">marriotcali<\/td>\n<\/tr>\n<tr class=\"row-7\">\n\t<td class=\"column-1\">PLATILLOS VOLADORES<\/td><td class=\"column-2\">AVDA 3 NTE 3 7 - 19<\/td><td class=\"column-3\">6687750<\/td><td class=\"column-4\">restauranteplatillosvoladores<\/td>\n<\/tr>\n<tr class=\"row-8\">\n\t<td class=\"column-1\">ANTOJOS Y CAPRICHOS<\/td><td class=\"column-2\">CRA 105 # 15 - 09<\/td><td class=\"column-3\">3482534<\/td><td class=\"column-4\">restauranteplatillosvoladores<\/td>\n<\/tr>\n<tr class=\"row-9\">\n\t<td class=\"column-1\">HOTEL MOVICH<\/td><td class=\"column-2\">AVDA 9 NTE # 9 - 24<\/td><td class=\"column-3\">3933030<\/td><td class=\"column-4\">movichhotels<\/td>\n<\/tr>\n<tr class=\"row-10\">\n\t<td class=\"column-1\">CANTINA LA 15<\/td><td class=\"column-2\">CALLE 15 NTE # 9 N 62<\/td><td class=\"column-3\">310 4720165<\/td><td class=\"column-4\">cantina la 15<\/td>\n<\/tr>\n<tr class=\"row-11\">\n\t<td class=\"column-1\">MACCARRONIS<\/td><td class=\"column-2\">CALLE 17 NTE # 9 N 56<\/td><td class=\"column-3\">6615961<\/td><td class=\"column-4\">maccarronis_emanuele<\/td>\n<\/tr>\n<tr class=\"row-12\">\n\t<td class=\"column-1\">ABSENTA BAR<\/td><td class=\"column-2\">CRA 2 OESTE 3 1 - 08 PE\u0084ON<\/td><td class=\"column-3\">3156148862<\/td><td class=\"column-4\">absentacali<\/td>\n<\/tr>\n<tr class=\"row-13\">\n\t<td class=\"column-1\">STORIA D\u00abAMORE<\/td><td class=\"column-2\">AVDA 9 NTE 3 14 - 57<\/td><td class=\"column-3\">320 5602429<\/td><td class=\"column-4\">storiadamoreco<\/td>\n<\/tr>\n<tr class=\"row-14\">\n\t<td class=\"column-1\">DIVINO CONTENEDOR<\/td><td class=\"column-2\">CRA 125 CON AVDA LA MARIA<\/td><td class=\"column-3\">3174952394<\/td><td class=\"column-4\">divinocontenedor<\/td>\n<\/tr>\n<tr class=\"row-15\">\n\t<td class=\"column-1\">LITANY RESTAURNATE ARABE<\/td><td class=\"column-2\">CALLE 15 AN # 9 - 35 B\/GRANADA<\/td><td class=\"column-3\">3164499843<\/td><td class=\"column-4\">restaurantelitany<\/td>\n<\/tr>\n<tr class=\"row-16\">\n\t<td class=\"column-1\">ODISEO BRISTO<\/td><td class=\"column-2\">AV 9 N # 10 - 107 B\/GRANADA<\/td><td class=\"column-3\">3163154255<\/td><td class=\"column-4\">odiseo.bristo<\/td>\n<\/tr>\n<tr class=\"row-17\">\n\t<td class=\"column-1\">LA DIVINA TRINIDAD<\/td><td class=\"column-2\">AVDA 9 NTE # 9 - 31<\/td><td class=\"column-3\">3472917<\/td><td class=\"column-4\">ladivinarestaurante<\/td>\n<\/tr>\n<tr class=\"row-18\">\n\t<td class=\"column-1\">LA COMITIVA<\/td><td class=\"column-2\">CALLE 4 # 34- 32<\/td><td class=\"column-3\">3827292<\/td><td class=\"column-4\">lacomitiva<\/td>\n<\/tr>\n<tr class=\"row-19\">\n\t<td class=\"column-1\">DON JUAN DELA TORRE<\/td><td class=\"column-2\">TORRE DE CALI PISO 42<\/td><td class=\"column-3\">313 5618359<\/td><td class=\"column-4\">donjuandelatorre<\/td>\n<\/tr>\n<tr class=\"row-20\">\n\t<td class=\"column-1\">NUESTRO COCINA Y BAR<\/td><td class=\"column-2\">CALLE 2 # 4 - 63<\/td><td class=\"column-3\">3480051<\/td><td class=\"column-4\">nuestrococinaybar<\/td>\n<\/tr>\n<tr class=\"row-21\">\n\t<td class=\"column-1\">TIZONES<\/td><td class=\"column-2\">AVDA 6BN 3 28 N 57<\/td><td class=\"column-3\">6530181<\/td><td class=\"column-4\">tizones_1997<\/td>\n<\/tr>\n<tr class=\"row-22\">\n\t<td class=\"column-1\">CITADINO GASTRO BAR<\/td><td class=\"column-2\">CALLE 1 OESTE # 2 - 24<\/td><td class=\"column-3\">304 4113985<\/td><td class=\"column-4\">citadino.gastrobar<\/td>\n<\/tr>\n<tr class=\"row-23\">\n\t<td class=\"column-1\">GET LUCKY BAR<\/td><td class=\"column-2\">AVDA 9 NTE # 10 52<\/td><td class=\"column-3\">3157336600<\/td><td class=\"column-4\">getluckysportbar<\/td>\n<\/tr>\n<tr class=\"row-24\">\n\t<td class=\"column-1\">CARPANETO PIZZERIA<\/td><td class=\"column-2\">AVDA 9 NTE #15 A 30<\/td><td class=\"column-3\">6616292<\/td><td class=\"column-4\">pizzeria.carpaneto<\/td>\n<\/tr>\n<tr class=\"row-25\">\n\t<td class=\"column-1\">SONOMA<\/td><td class=\"column-2\">CALLE 3 OESTE # 3 - 13<\/td><td class=\"column-3\">8933077<\/td><td class=\"column-4\">sonomacantina<\/td>\n<\/tr>\n<tr class=\"row-26\">\n\t<td class=\"column-1\">CASA ANTONIA<\/td><td class=\"column-2\">CARRERA 12 # 2 - 44<\/td><td class=\"column-3\">8923777<\/td><td class=\"column-4\">casaantoniacali<\/td>\n<\/tr>\n<tr class=\"row-27\">\n\t<td class=\"column-1\">TEATRO MAGICO DEL SABOR<\/td><td class=\"column-2\">CALLE 4 # 10 -30<\/td><td class=\"column-3\">3103749315<\/td><td class=\"column-4\">teatromagicodelsabor<\/td>\n<\/tr>\n<\/tbody>\n<\/table>\n<!-- #tablepress-2 from cache -->\n","protected":false},"excerpt":{"rendered":"<p>Los mejores restaurantes del pa\u00eds donde puedes encontrar nuestros vinos est\u00e1n aqu\u00ed \u00a1Rico con vino, mejor con los de Novili!<\/p>\n","protected":false},"author":2,"featured_media":0,"parent":0,"menu_order":0,"comment_status":"closed","ping_status":"closed","template":"","meta":{"footnotes":""},"class_list":["post-3236","page","type-page","status-publish","hentry"],"yoast_head":"<!-- This site is optimized with the Yoast SEO plugin v27.3 - https:\/\/yoast.com\/product\/yoast-seo-wordpress\/ -->\n<title>Gu\u00eda de Restaurantes en Cali - Blog N\u00f3vili<\/title>\n<meta name=\"robots\" content=\"index, follow, max-snippet:-1, max-image-preview:large, max-video-preview:-1\" \/>\n<link rel=\"canonical\" href=\"https:\/\/novili.com.co\/blog\/guia-de-restaurantes-en-cali\/\" \/>\n<meta property=\"og:locale\" content=\"es_ES\" \/>\n<meta property=\"og:type\" content=\"article\" \/>\n<meta property=\"og:title\" content=\"Gu\u00eda de Restaurantes en Cali - Blog N\u00f3vili\" \/>\n<meta property=\"og:description\" content=\"Los mejores restaurantes del pa\u00eds donde puedes encontrar nuestros vinos est\u00e1n aqu\u00ed \u00a1Rico con vino, mejor con los de Novili!\" \/>\n<meta property=\"og:url\" content=\"https:\/\/novili.com.co\/blog\/guia-de-restaurantes-en-cali\/\" \/>\n<meta property=\"og:site_name\" content=\"Blog N\u00f3vili\" \/>\n<meta property=\"article:publisher\" content=\"https:\/\/www.facebook.com\/novili.brindamosjuntos\/\" \/>\n<meta property=\"article:modified_time\" content=\"2018-07-31T21:49:34+00:00\" \/>\n<meta name=\"twitter:card\" content=\"summary_large_image\" \/>\n<meta name=\"twitter:site\" content=\"@NoviliBrindamos\" \/>\n<script type=\"application\/ld+json\" class=\"yoast-schema-graph\">{\"@context\":\"https:\\\/\\\/schema.org\",\"@graph\":[{\"@type\":\"WebPage\",\"@id\":\"https:\\\/\\\/novili.com.co\\\/blog\\\/guia-de-restaurantes-en-cali\\\/\",\"url\":\"https:\\\/\\\/novili.com.co\\\/blog\\\/guia-de-restaurantes-en-cali\\\/\",\"name\":\"Gu\u00eda de Restaurantes en Cali - Blog N\u00f3vili\",\"isPartOf\":{\"@id\":\"https:\\\/\\\/novili.com.co\\\/blog\\\/#website\"},\"datePublished\":\"2018-07-23T14:27:25+00:00\",\"dateModified\":\"2018-07-31T21:49:34+00:00\",\"breadcrumb\":{\"@id\":\"https:\\\/\\\/novili.com.co\\\/blog\\\/guia-de-restaurantes-en-cali\\\/#breadcrumb\"},\"inLanguage\":\"es\",\"potentialAction\":[{\"@type\":\"ReadAction\",\"target\":[\"https:\\\/\\\/novili.com.co\\\/blog\\\/guia-de-restaurantes-en-cali\\\/\"]}]},{\"@type\":\"BreadcrumbList\",\"@id\":\"https:\\\/\\\/novili.com.co\\\/blog\\\/guia-de-restaurantes-en-cali\\\/#breadcrumb\",\"itemListElement\":[{\"@type\":\"ListItem\",\"position\":1,\"name\":\"Inicio\",\"item\":\"https:\\\/\\\/novili.com.co\\\/blog\\\/\"},{\"@type\":\"ListItem\",\"position\":2,\"name\":\"Gu\u00eda de Restaurantes en Cali\"}]},{\"@type\":\"WebSite\",\"@id\":\"https:\\\/\\\/novili.com.co\\\/blog\\\/#website\",\"url\":\"https:\\\/\\\/novili.com.co\\\/blog\\\/\",\"name\":\"Blog N\u00f3vili\",\"description\":\"Un blog para aprender, descubrir y divertirse con lo mejor de los licores.\",\"potentialAction\":[{\"@type\":\"SearchAction\",\"target\":{\"@type\":\"EntryPoint\",\"urlTemplate\":\"https:\\\/\\\/novili.com.co\\\/blog\\\/?s={search_term_string}\"},\"query-input\":{\"@type\":\"PropertyValueSpecification\",\"valueRequired\":true,\"valueName\":\"search_term_string\"}}],\"inLanguage\":\"es\"}]}<\/script>\n<!-- \/ Yoast SEO plugin. -->","yoast_head_json":{"title":"Gu\u00eda de Restaurantes en Cali - Blog N\u00f3vili","robots":{"index":"index","follow":"follow","max-snippet":"max-snippet:-1","max-image-preview":"max-image-preview:large","max-video-preview":"max-video-preview:-1"},"canonical":"https:\/\/novili.com.co\/blog\/guia-de-restaurantes-en-cali\/","og_locale":"es_ES","og_type":"article","og_title":"Gu\u00eda de Restaurantes en Cali - Blog N\u00f3vili","og_description":"Los mejores restaurantes del pa\u00eds donde puedes encontrar nuestros vinos est\u00e1n aqu\u00ed \u00a1Rico con vino, mejor con los de Novili!","og_url":"https:\/\/novili.com.co\/blog\/guia-de-restaurantes-en-cali\/","og_site_name":"Blog N\u00f3vili","article_publisher":"https:\/\/www.facebook.com\/novili.brindamosjuntos\/","article_modified_time":"2018-07-31T21:49:34+00:00","twitter_card":"summary_large_image","twitter_site":"@NoviliBrindamos","schema":{"@context":"https:\/\/schema.org","@graph":[{"@type":"WebPage","@id":"https:\/\/novili.com.co\/blog\/guia-de-restaurantes-en-cali\/","url":"https:\/\/novili.com.co\/blog\/guia-de-restaurantes-en-cali\/","name":"Gu\u00eda de Restaurantes en Cali - Blog N\u00f3vili","isPartOf":{"@id":"https:\/\/novili.com.co\/blog\/#website"},"datePublished":"2018-07-23T14:27:25+00:00","dateModified":"2018-07-31T21:49:34+00:00","breadcrumb":{"@id":"https:\/\/novili.com.co\/blog\/guia-de-restaurantes-en-cali\/#breadcrumb"},"inLanguage":"es","potentialAction":[{"@type":"ReadAction","target":["https:\/\/novili.com.co\/blog\/guia-de-restaurantes-en-cali\/"]}]},{"@type":"BreadcrumbList","@id":"https:\/\/novili.com.co\/blog\/guia-de-restaurantes-en-cali\/#breadcrumb","itemListElement":[{"@type":"ListItem","position":1,"name":"Inicio","item":"https:\/\/novili.com.co\/blog\/"},{"@type":"ListItem","position":2,"name":"Gu\u00eda de Restaurantes en Cali"}]},{"@type":"WebSite","@id":"https:\/\/novili.com.co\/blog\/#website","url":"https:\/\/novili.com.co\/blog\/","name":"Blog N\u00f3vili","description":"Un blog para aprender, descubrir y divertirse con lo mejor de los licores.","potentialAction":[{"@type":"SearchAction","target":{"@type":"EntryPoint","urlTemplate":"https:\/\/novili.com.co\/blog\/?s={search_term_string}"},"query-input":{"@type":"PropertyValueSpecification","valueRequired":true,"valueName":"search_term_string"}}],"inLanguage":"es"}]}},"_links":{"self":[{"href":"https:\/\/novili.com.co\/blog\/wp-json\/wp\/v2\/pages\/3236","targetHints":{"allow":["GET"]}}],"collection":[{"href":"https:\/\/novili.com.co\/blog\/wp-json\/wp\/v2\/pages"}],"about":[{"href":"https:\/\/novili.com.co\/blog\/wp-json\/wp\/v2\/types\/page"}],"author":[{"embeddable":true,"href":"https:\/\/novili.com.co\/blog\/wp-json\/wp\/v2\/users\/2"}],"replies":[{"embeddable":true,"href":"https:\/\/novili.com.co\/blog\/wp-json\/wp\/v2\/comments?post=3236"}],"version-history":[{"count":5,"href":"https:\/\/novili.com.co\/blog\/wp-json\/wp\/v2\/pages\/3236\/revisions"}],"predecessor-version":[{"id":3361,"href":"https:\/\/novili.com.co\/blog\/wp-json\/wp\/v2\/pages\/3236\/revisions\/3361"}],"wp:attachment":[{"href":"https:\/\/novili.com.co\/blog\/wp-json\/wp\/v2\/media?parent=3236"}],"curies":[{"name":"wp","href":"https:\/\/api.w.org\/{rel}","templated":true}]}}