{"id":3207,"date":"2018-07-19T15:37:58","date_gmt":"2018-07-19T20:37:58","guid":{"rendered":"https:\/\/novili.com.co\/blog\/?page_id=3207"},"modified":"2018-07-31T16:49:14","modified_gmt":"2018-07-31T21:49:14","slug":"guia-de-restaurantes-en-bogota","status":"publish","type":"page","link":"https:\/\/novili.com.co\/blog\/guia-de-restaurantes-en-bogota\/","title":{"rendered":"Gu\u00eda de Restaurantes en Bogot\u00e1"},"content":{"rendered":"<p style=\"font-size: 1.2em; line-height: normal; text-align: center;margin-bottom:50px;\">Los mejores restaurantes del pa\u00eds donde puedes encontrar nuestros vinos est\u00e1n aqu\u00ed \u00a1Rico con vino, mejor con los de Novili!<\/p>\n\n<table id=\"tablepress-1\" class=\"tablepress tablepress-id-1 tablepress-responsive\">\n<thead>\n<tr class=\"row-1\">\n\t<th class=\"column-1\">RESTAURANTE \/ BAR<\/th><th class=\"column-2\">SITIO WEB<\/th><th class=\"column-3\">FACEBOOK<\/th><th class=\"column-4\">INSTAGRAM<\/th><th class=\"column-5\">TWITTER<\/th>\n<\/tr>\n<\/thead>\n<tbody class=\"row-striping row-hover\">\n<tr class=\"row-2\">\n\t<td class=\"column-1\">Abasto Calle 69<\/td><td class=\"column-2\"><a target=\"_blank\" href=\"http:\/\/www.abasto.com.co\/\" rel=\"nofollow\">http:\/\/www.abasto.com.co\/<\/a><\/td><td class=\"column-3\">@Abasto<\/td><td class=\"column-4\">Abasto. Restaurante<\/td><td class=\"column-5\">-<\/td>\n<\/tr>\n<tr class=\"row-3\">\n\t<td class=\"column-1\">Abasto Usaquen<\/td><td class=\"column-2\"><a target=\"_blank\" href=\"http:\/\/www.abasto.com.co\/\" rel=\"nofollow\">http:\/\/www.abasto.com.co\/<\/a><\/td><td class=\"column-3\">@Abasto<\/td><td class=\"column-4\">Abasto. Restaurante<\/td><td class=\"column-5\">-<\/td>\n<\/tr>\n<tr class=\"row-4\">\n\t<td class=\"column-1\">Ar Hoteles<\/td><td class=\"column-2\"><a target=\"_blank\" href=\"https:\/\/www.hotelesar.com\/es\/\" rel=\"nofollow\">https:\/\/www.hotelesar.com\/es\/<\/a><\/td><td class=\"column-3\">@Arradissonhotel<\/td><td class=\"column-4\">-<\/td><td class=\"column-5\">@ARhotels<\/td>\n<\/tr>\n<tr class=\"row-5\">\n\t<td class=\"column-1\">Bao<\/td><td class=\"column-2\"><a target=\"_blank\" href=\"http:\/\/www.lurebogota.com\/bao\/\" rel=\"nofollow\">http:\/\/www.lurebogota.com\/bao\/<\/a><\/td><td class=\"column-3\">@Bao<\/td><td class=\"column-4\">-<\/td><td class=\"column-5\">-<\/td>\n<\/tr>\n<tr class=\"row-6\">\n\t<td class=\"column-1\">Brasa Brasil<\/td><td class=\"column-2\"><a target=\"_blank\" href=\"https:\/\/www.brasabrasil.com\/\" rel=\"nofollow\">https:\/\/www.brasabrasil.com\/<\/a><\/td><td class=\"column-3\">@Rodizziobrasabrasil<\/td><td class=\"column-4\">Restaurantes BrasaBrasil<\/td><td class=\"column-5\">-<\/td>\n<\/tr>\n<tr class=\"row-7\">\n\t<td class=\"column-1\">Brasa Group<\/td><td class=\"column-2\"><a target=\"_blank\" href=\"https:\/\/www.brasabrasil.com\/\" rel=\"nofollow\">https:\/\/www.brasabrasil.com\/<\/a><\/td><td class=\"column-3\">-<\/td><td class=\"column-4\">Restaurantes BrasaBrasil<\/td><td class=\"column-5\">-<\/td>\n<\/tr>\n<tr class=\"row-8\">\n\t<td class=\"column-1\">Bridados<\/td><td class=\"column-2\">-<\/td><td class=\"column-3\">@Bridadosbogota<\/td><td class=\"column-4\">Bridadosbogota<\/td><td class=\"column-5\">-<\/td>\n<\/tr>\n<tr class=\"row-9\">\n\t<td class=\"column-1\">Calico Calcafe<\/td><td class=\"column-2\">-<\/td><td class=\"column-3\">@Calicocalcaf\u00e9<\/td><td class=\"column-4\">Calicobogota<\/td><td class=\"column-5\">-<\/td>\n<\/tr>\n<tr class=\"row-10\">\n\t<td class=\"column-1\">Carnivoro<\/td><td class=\"column-2\"><a target=\"_blank\" href=\"https:\/\/www.degusta.com.co\/bogota\/restaurante\/carnivoro_105159.html\" rel=\"nofollow\">https:\/\/www.degusta.com.co\/bogota\/restaurante\/carnivoro_105159.html<\/a><\/td><td class=\"column-3\">@Carnivoro<\/td><td class=\"column-4\">-<\/td><td class=\"column-5\">-<\/td>\n<\/tr>\n<tr class=\"row-11\">\n\t<td class=\"column-1\">Casa<\/td><td class=\"column-2\">-<\/td><td class=\"column-3\">@Restaurantecasa<\/td><td class=\"column-4\">restaurantecasa<\/td><td class=\"column-5\">-<\/td>\n<\/tr>\n<tr class=\"row-12\">\n\t<td class=\"column-1\">Casa Brava<\/td><td class=\"column-2\"><a target=\"_blank\" href=\"http:\/\/www.casabrava.com.co\" rel=\"nofollow\">http:\/\/www.casabrava.com.co<\/a><\/td><td class=\"column-3\">@Restaurantecasabrava<\/td><td class=\"column-4\">casabravarestaurante<\/td><td class=\"column-5\">@resta_casabrava<\/td>\n<\/tr>\n<tr class=\"row-13\">\n\t<td class=\"column-1\">Cosette Andino<\/td><td class=\"column-2\"><a target=\"_blank\" href=\"https:\/\/www.cosettecafebistro.com\/\" rel=\"nofollow\">https:\/\/www.cosettecafebistro.com\/<\/a><\/td><td class=\"column-3\">@Cosettecafebistro<\/td><td class=\"column-4\">Cosettecafebistro<\/td><td class=\"column-5\">-<\/td>\n<\/tr>\n<tr class=\"row-14\">\n\t<td class=\"column-1\">Do\u00f1a Elvira Centro<\/td><td class=\"column-2\"><a target=\"_blank\" href=\"http:\/\/www.restaurantedonaelvira.com\/\" rel=\"nofollow\">http:\/\/www.restaurantedonaelvira.com\/<\/a><\/td><td class=\"column-3\">@Restaurantedo\u00f1aelvira<\/td><td class=\"column-4\">donaelvirarestaurante<\/td><td class=\"column-5\">@CTRDoaElvira<\/td>\n<\/tr>\n<tr class=\"row-15\">\n\t<td class=\"column-1\">Do\u00f1a Elvira Galerias<\/td><td class=\"column-2\"><a target=\"_blank\" href=\"http:\/\/www.restaurantedonaelvira.com\/\" rel=\"nofollow\">http:\/\/www.restaurantedonaelvira.com\/<\/a><\/td><td class=\"column-3\">@Restaurantedo\u00f1aelvira<\/td><td class=\"column-4\">donaelvirarestaurante<\/td><td class=\"column-5\">@CTRDoaElvira<\/td>\n<\/tr>\n<tr class=\"row-16\">\n\t<td class=\"column-1\">Frida<\/td><td class=\"column-2\">-<\/td><td class=\"column-3\">@Fridarestaurantemexicano<\/td><td class=\"column-4\">Restaurantemexicanofrida<\/td><td class=\"column-5\">-<\/td>\n<\/tr>\n<tr class=\"row-17\">\n\t<td class=\"column-1\">Hotel Cosmos 100<\/td><td class=\"column-2\"><a target=\"_blank\" href=\"https:\/\/www.cosmos100hotel.com\/\" rel=\"nofollow\">https:\/\/www.cosmos100hotel.com\/<\/a><\/td><td class=\"column-3\">@Hotelcosmos<\/td><td class=\"column-4\">-<\/td><td class=\"column-5\">@hotelescosmos<\/td>\n<\/tr>\n<tr class=\"row-18\">\n\t<td class=\"column-1\">Hotel Habitel<\/td><td class=\"column-2\"><a target=\"_blank\" href=\"https:\/\/www.hotelhabitel.com\/\" rel=\"nofollow\">https:\/\/www.hotelhabitel.com\/<\/a><\/td><td class=\"column-3\">@Hotelhabitel<\/td><td class=\"column-4\">HotelHabitel<\/td><td class=\"column-5\">-<\/td>\n<\/tr>\n<tr class=\"row-19\">\n\t<td class=\"column-1\">Indio<\/td><td class=\"column-2\">-<\/td><td class=\"column-3\">@Indiorestaurante<\/td><td class=\"column-4\">Indiobgta<\/td><td class=\"column-5\">-<\/td>\n<\/tr>\n<tr class=\"row-20\">\n\t<td class=\"column-1\">Julia 69<\/td><td class=\"column-2\"><a target=\"_blank\" href=\"http:\/\/juliapizzeria.com\/\" rel=\"nofollow\">http:\/\/juliapizzeria.com\/<\/a><\/td><td class=\"column-3\">@Juliaantipasteriapizzeriaenoteca<\/td><td class=\"column-4\">Julia Antipasteria, Pizzeria Enoteca<\/td><td class=\"column-5\">-<\/td>\n<\/tr>\n<tr class=\"row-21\">\n\t<td class=\"column-1\">Julia 85<\/td><td class=\"column-2\"><a target=\"_blank\" href=\"http:\/\/juliapizzeria.com\/\" rel=\"nofollow\">http:\/\/juliapizzeria.com\/<\/a><\/td><td class=\"column-3\">@Juliaantipasteriapizzeriaenoteca<\/td><td class=\"column-4\">Julia Antipasteria, Pizzeria Enoteca<\/td><td class=\"column-5\">-<\/td>\n<\/tr>\n<tr class=\"row-22\">\n\t<td class=\"column-1\">Julia Colina<\/td><td class=\"column-2\"><a target=\"_blank\" href=\"http:\/\/juliapizzeria.com\/\" rel=\"nofollow\">http:\/\/juliapizzeria.com\/<\/a><\/td><td class=\"column-3\">@Juliaantipasteriapizzeriaenoteca<\/td><td class=\"column-4\">Julia Antipasteria, Pizzeria Enoteca<\/td><td class=\"column-5\">-<\/td>\n<\/tr>\n<tr class=\"row-23\">\n\t<td class=\"column-1\">Julia Domicilios<\/td><td class=\"column-2\"><a target=\"_blank\" href=\"http:\/\/juliapizzeria.com\/\" rel=\"nofollow\">http:\/\/juliapizzeria.com\/<\/a><\/td><td class=\"column-3\">@Juliaantipasteriapizzeriaenoteca<\/td><td class=\"column-4\">Julia Antipasteria, Pizzeria Enoteca<\/td><td class=\"column-5\">-<\/td>\n<\/tr>\n<tr class=\"row-24\">\n\t<td class=\"column-1\">Julia Usaquen<\/td><td class=\"column-2\"><a target=\"_blank\" href=\"http:\/\/juliapizzeria.com\/\" rel=\"nofollow\">http:\/\/juliapizzeria.com\/<\/a><\/td><td class=\"column-3\">@Juliaantipasteriapizzeriaenoteca<\/td><td class=\"column-4\">Julia Antipasteria, Pizzeria Enoteca<\/td><td class=\"column-5\">-<\/td>\n<\/tr>\n<tr class=\"row-25\">\n\t<td class=\"column-1\">La Braserrie<\/td><td class=\"column-2\">-<\/td><td class=\"column-3\">@Labrasserie<\/td><td class=\"column-4\">Brasserierestaurante<\/td><td class=\"column-5\">-<\/td>\n<\/tr>\n<tr class=\"row-26\">\n\t<td class=\"column-1\">La Casta\u00f1a<\/td><td class=\"column-2\"><a target=\"_blank\" href=\"http:\/\/www.lacastana.com\/\" rel=\"nofollow\">http:\/\/www.lacastana.com\/<\/a><\/td><td class=\"column-3\">@Lacasta\u00f1aempanadas<\/td><td class=\"column-4\">Lacastanabogota<\/td><td class=\"column-5\"><\/td>\n<\/tr>\n<tr class=\"row-27\">\n\t<td class=\"column-1\">Madre<\/td><td class=\"column-2\">-<\/td><td class=\"column-3\">@Madre<\/td><td class=\"column-4\">Madrebgta<\/td><td class=\"column-5\">-<\/td>\n<\/tr>\n<tr class=\"row-28\">\n\t<td class=\"column-1\">Panoptico<\/td><td class=\"column-2\"><a target=\"_blank\" href=\"http:\/\/www.museonacional.gov.co\/Paginas\/default.aspx\" rel=\"nofollow\">http:\/\/www.museonacional.gov.co\/Paginas\/default.aspx<\/a><\/td><td class=\"column-3\">@Restauranteelpanoptico<\/td><td class=\"column-4\">elpanopticobogota<\/td><td class=\"column-5\">-<\/td>\n<\/tr>\n<tr class=\"row-29\">\n\t<td class=\"column-1\">Primi<\/td><td class=\"column-2\">-<\/td><td class=\"column-3\">@Primi<\/td><td class=\"column-4\">Primirestaurante<\/td><td class=\"column-5\">-<\/td>\n<\/tr>\n<tr class=\"row-30\">\n\t<td class=\"column-1\">Restaunate El Comedor<\/td><td class=\"column-2\">-<\/td><td class=\"column-3\">@Elcomedorcomfortfood<\/td><td class=\"column-4\">El comedor comfort food<\/td><td class=\"column-5\">-<\/td>\n<\/tr>\n<tr class=\"row-31\">\n\t<td class=\"column-1\">Restaurante 7 Kabras<\/td><td class=\"column-2\">-<\/td><td class=\"column-3\">@7Cabras<\/td><td class=\"column-4\">7 Cabras<\/td><td class=\"column-5\">-<\/td>\n<\/tr>\n<tr class=\"row-32\">\n\t<td class=\"column-1\">Restaurante Armadillo<\/td><td class=\"column-2\">-<\/td><td class=\"column-3\">@Armadillorestaurante<\/td><td class=\"column-4\">Armadillo Restaurante<\/td><td class=\"column-5\">-<\/td>\n<\/tr>\n<tr class=\"row-33\">\n\t<td class=\"column-1\">Restaurante Bruto<\/td><td class=\"column-2\">-<\/td><td class=\"column-3\">@Bruto<\/td><td class=\"column-4\">Bruto Restaurante<\/td><td class=\"column-5\">-<\/td>\n<\/tr>\n<tr class=\"row-34\">\n\t<td class=\"column-1\">Restaurante Canoa<\/td><td class=\"column-2\">-<\/td><td class=\"column-3\">@Canoatabernajaponesa<\/td><td class=\"column-4\">Canoa Taberna Japonesa<\/td><td class=\"column-5\">-<\/td>\n<\/tr>\n<tr class=\"row-35\">\n\t<td class=\"column-1\">Restaurante El Bandido<\/td><td class=\"column-2\">-<\/td><td class=\"column-3\">@Elbandidobistro<\/td><td class=\"column-4\">El bandido Bistro<\/td><td class=\"column-5\">-<\/td>\n<\/tr>\n<tr class=\"row-36\">\n\t<td class=\"column-1\">Restaurante Emilia Grace<\/td><td class=\"column-2\">-<\/td><td class=\"column-3\">@Emiliagrace<\/td><td class=\"column-4\">Emilia Grace<\/td><td class=\"column-5\">-<\/td>\n<\/tr>\n<tr class=\"row-37\">\n\t<td class=\"column-1\">Restaurante Gordo Cra 5<\/td><td class=\"column-2\"><a target=\"_blank\" href=\"http:\/\/gordobar.com\/\" rel=\"nofollow\">http:\/\/gordobar.com\/<\/a><\/td><td class=\"column-3\">@gordobrooklynbarrestaurante<\/td><td class=\"column-4\">gordo.bar<\/td><td class=\"column-5\">-<\/td>\n<\/tr>\n<tr class=\"row-38\">\n\t<td class=\"column-1\">Restaurante Il Tinello<\/td><td class=\"column-2\"><a target=\"_blank\" href=\"http:\/\/restauranteiltinello.com\/\" rel=\"nofollow\">http:\/\/restauranteiltinello.com\/<\/a><\/td><td class=\"column-3\">@IlTinellorestaurantebar<\/td><td class=\"column-4\">Iltinell.co<\/td><td class=\"column-5\">-<\/td>\n<\/tr>\n<tr class=\"row-39\">\n\t<td class=\"column-1\">Restaurante Kimi Izakaya<\/td><td class=\"column-2\">-<\/td><td class=\"column-3\">@KimiIzakaya<\/td><td class=\"column-4\">Kimi Izakaya<\/td><td class=\"column-5\">-<\/td>\n<\/tr>\n<tr class=\"row-40\">\n\t<td class=\"column-1\">Restaurante Lorenzo<\/td><td class=\"column-2\"><a target=\"_blank\" href=\"http:\/\/lorenzoelgriego.com\/\" rel=\"nofollow\">http:\/\/lorenzoelgriego.com\/<\/a><\/td><td class=\"column-3\">@Lorenzoelgriego<\/td><td class=\"column-4\">Lorenzo El Griego<\/td><td class=\"column-5\">-<\/td>\n<\/tr>\n<tr class=\"row-41\">\n\t<td class=\"column-1\">Restaurante Nueve<\/td><td class=\"column-2\">-<\/td><td class=\"column-3\">@Nueve<\/td><td class=\"column-4\">Nueve_rest<\/td><td class=\"column-5\">-<\/td>\n<\/tr>\n<tr class=\"row-42\">\n\t<td class=\"column-1\">Semolina Andino<\/td><td class=\"column-2\">-<\/td><td class=\"column-3\">@Semolina<\/td><td class=\"column-4\">Semolinarestaurante<\/td><td class=\"column-5\">-<\/td>\n<\/tr>\n<tr class=\"row-43\">\n\t<td class=\"column-1\">Taj Mahal<\/td><td class=\"column-2\"><a target=\"_blank\" href=\"http:\/\/www.tajmahal.com.co\/\" rel=\"nofollow\">http:\/\/www.tajmahal.com.co\/<\/a><\/td><td class=\"column-3\">@Tajmahalusaquen<\/td><td class=\"column-4\">-<\/td><td class=\"column-5\">-<\/td>\n<\/tr>\n<tr class=\"row-44\">\n\t<td class=\"column-1\">Takami (80 Sillas)<\/td><td class=\"column-2\"><a target=\"_blank\" href=\"http:\/\/www.80sillas.com\" rel=\"nofollow\">http:\/\/www.80sillas.com<\/a><\/td><td class=\"column-3\">@80Sillas<\/td><td class=\"column-4\">80 Sillas<\/td><td class=\"column-5\">@djtakami<\/td>\n<\/tr>\n<tr class=\"row-45\">\n\t<td class=\"column-1\">Takami (Black Bear)<\/td><td class=\"column-2\"><a target=\"_blank\" href=\"https:\/\/blackbear.com.co\/\" rel=\"nofollow\">https:\/\/blackbear.com.co\/<\/a><\/td><td class=\"column-3\">@BlackBear<\/td><td class=\"column-4\">Black Bear Bogota<\/td><td class=\"column-5\">@iamblackbear<\/td>\n<\/tr>\n<tr class=\"row-46\">\n\t<td class=\"column-1\">Takami (Caccio y Pepe)<\/td><td class=\"column-2\"><a target=\"_blank\" href=\"https:\/\/cacioepepe.com.co\/\" rel=\"nofollow\">https:\/\/cacioepepe.com.co\/<\/a><\/td><td class=\"column-3\">@CaccioyPepe<\/td><td class=\"column-4\">-<\/td><td class=\"column-5\">@cacioepepenyc<\/td>\n<\/tr>\n<tr class=\"row-47\">\n\t<td class=\"column-1\">Takami (Central Cevicheria 85)<\/td><td class=\"column-2\"><a target=\"_blank\" href=\"https:\/\/centralcevicheria.com\/\" rel=\"nofollow\">https:\/\/centralcevicheria.com\/<\/a><\/td><td class=\"column-3\">@Centralcevicheria<\/td><td class=\"column-4\">Central Cevicheria<\/td><td class=\"column-5\">@missanosaki<\/td>\n<\/tr>\n<tr class=\"row-48\">\n\t<td class=\"column-1\">Takami (Osaki Artisan)<\/td><td class=\"column-2\"><a target=\"_blank\" href=\"https:\/\/osaki.com.co\/\" rel=\"nofollow\">https:\/\/osaki.com.co\/<\/a><\/td><td class=\"column-3\">@Osaki<\/td><td class=\"column-4\">Osaki Bogota<\/td><td class=\"column-5\">@missanosaki<\/td>\n<\/tr>\n<tr class=\"row-49\">\n\t<td class=\"column-1\">Takami (Osaki Usaquen)<\/td><td class=\"column-2\"><a target=\"_blank\" href=\"https:\/\/osaki.com.co\/\" rel=\"nofollow\">https:\/\/osaki.com.co\/<\/a><\/td><td class=\"column-3\">@Osaki<\/td><td class=\"column-4\">Osaki Bogota<\/td><td class=\"column-5\">@djtakami<\/td>\n<\/tr>\n<tr class=\"row-50\">\n\t<td class=\"column-1\">Takami (Segundo)<\/td><td class=\"column-2\"><a target=\"_blank\" href=\"https:\/\/restaurantesegundo.com\/\" rel=\"nofollow\">https:\/\/restaurantesegundo.com\/<\/a><\/td><td class=\"column-3\">@SegundoRestaurante<\/td><td class=\"column-4\">SegundoBogota<\/td><td class=\"column-5\">@djtakami<\/td>\n<\/tr>\n<tr class=\"row-51\">\n\t<td class=\"column-1\">Terranova<\/td><td class=\"column-2\"><a target=\"_blank\" href=\"http:\/\/www.terranovabistrodeluxe.com\/\" rel=\"nofollow\">http:\/\/www.terranovabistrodeluxe.com\/<\/a><\/td><td class=\"column-3\">@Terranovabistrodeluxe<\/td><td class=\"column-4\">TerranovaBistro<\/td><td class=\"column-5\">-<\/td>\n<\/tr>\n<tr class=\"row-52\">\n\t<td class=\"column-1\">Tienda de Cafe<\/td><td class=\"column-2\"><a target=\"_blank\" href=\"http:\/\/tiendadecafe.co\" rel=\"nofollow\">http:\/\/tiendadecafe.co<\/a><\/td><td class=\"column-3\">@Tiendadecafe<\/td><td class=\"column-4\">Tienda DeCafe<\/td><td class=\"column-5\">-<\/td>\n<\/tr>\n<tr class=\"row-53\">\n\t<td class=\"column-1\">Tramonti<\/td><td class=\"column-2\"><a target=\"_blank\" href=\"http:\/\/tramonti.com.co\" rel=\"nofollow\">http:\/\/tramonti.com.co<\/a><\/td><td class=\"column-3\">@Tramontirestaurante-centrodeconvenciones<\/td><td class=\"column-4\">Tramonti.Restaurante<\/td><td class=\"column-5\">@tramontibogota<\/td>\n<\/tr>\n<tr class=\"row-54\">\n\t<td class=\"column-1\">Trattoria La Divina Comedia<\/td><td class=\"column-2\"><a target=\"_blank\" href=\"http:\/\/trattorialadivinacomedia.com\/index.html\" rel=\"nofollow\">http:\/\/trattorialadivinacomedia.com\/index.html<\/a><\/td><td class=\"column-3\">@Trattorialadivinacomedia<\/td><td class=\"column-4\">Trattoria La Divina Comedia<\/td><td class=\"column-5\">-<\/td>\n<\/tr>\n<tr class=\"row-55\">\n\t<td class=\"column-1\">Vinos Express<\/td><td class=\"column-2\">-<\/td><td class=\"column-3\">@Vinosexpress-chiacolombia<\/td><td class=\"column-4\">Vinosexpress09<\/td><td class=\"column-5\">@vinosexpress<\/td>\n<\/tr>\n<tr class=\"row-56\">\n\t<td class=\"column-1\">Wok<\/td><td class=\"column-2\"><a target=\"_blank\" href=\"http:\/\/www.wok.com.co\/wps\/portal\/wok\" rel=\"nofollow\">http:\/\/www.wok.com.co\/wps\/portal\/wok<\/a><\/td><td class=\"column-3\">@Wok<\/td><td class=\"column-4\">-<\/td><td class=\"column-5\">@restaurantewok<\/td>\n<\/tr>\n<\/tbody>\n<\/table>\n<!-- #tablepress-1 from cache -->\n","protected":false},"excerpt":{"rendered":"<p>Los mejores restaurantes del pa\u00eds donde puedes encontrar nuestros vinos est\u00e1n aqu\u00ed \u00a1Rico con vino, mejor con los de Novili!<\/p>\n","protected":false},"author":2,"featured_media":0,"parent":0,"menu_order":0,"comment_status":"closed","ping_status":"closed","template":"","meta":{"footnotes":""},"class_list":["post-3207","page","type-page","status-publish","hentry"],"yoast_head":"<!-- This site is optimized with the Yoast SEO plugin v27.3 - https:\/\/yoast.com\/product\/yoast-seo-wordpress\/ -->\n<title>Gu\u00eda de Restaurantes en Bogot\u00e1 - Blog N\u00f3vili<\/title>\n<meta name=\"robots\" content=\"index, follow, max-snippet:-1, max-image-preview:large, max-video-preview:-1\" \/>\n<link rel=\"canonical\" href=\"https:\/\/novili.com.co\/blog\/guia-de-restaurantes-en-bogota\/\" \/>\n<meta property=\"og:locale\" content=\"es_ES\" \/>\n<meta property=\"og:type\" content=\"article\" \/>\n<meta property=\"og:title\" content=\"Gu\u00eda de Restaurantes en Bogot\u00e1 - Blog N\u00f3vili\" \/>\n<meta property=\"og:description\" content=\"Los mejores restaurantes del pa\u00eds donde puedes encontrar nuestros vinos est\u00e1n aqu\u00ed \u00a1Rico con vino, mejor con los de Novili!\" \/>\n<meta property=\"og:url\" content=\"https:\/\/novili.com.co\/blog\/guia-de-restaurantes-en-bogota\/\" \/>\n<meta property=\"og:site_name\" content=\"Blog N\u00f3vili\" \/>\n<meta property=\"article:publisher\" content=\"https:\/\/www.facebook.com\/novili.brindamosjuntos\/\" \/>\n<meta property=\"article:modified_time\" content=\"2018-07-31T21:49:14+00:00\" \/>\n<meta name=\"twitter:card\" content=\"summary_large_image\" \/>\n<meta name=\"twitter:site\" content=\"@NoviliBrindamos\" \/>\n<script type=\"application\/ld+json\" class=\"yoast-schema-graph\">{\"@context\":\"https:\\\/\\\/schema.org\",\"@graph\":[{\"@type\":\"WebPage\",\"@id\":\"https:\\\/\\\/novili.com.co\\\/blog\\\/guia-de-restaurantes-en-bogota\\\/\",\"url\":\"https:\\\/\\\/novili.com.co\\\/blog\\\/guia-de-restaurantes-en-bogota\\\/\",\"name\":\"Gu\u00eda de Restaurantes en Bogot\u00e1 - Blog N\u00f3vili\",\"isPartOf\":{\"@id\":\"https:\\\/\\\/novili.com.co\\\/blog\\\/#website\"},\"datePublished\":\"2018-07-19T20:37:58+00:00\",\"dateModified\":\"2018-07-31T21:49:14+00:00\",\"breadcrumb\":{\"@id\":\"https:\\\/\\\/novili.com.co\\\/blog\\\/guia-de-restaurantes-en-bogota\\\/#breadcrumb\"},\"inLanguage\":\"es\",\"potentialAction\":[{\"@type\":\"ReadAction\",\"target\":[\"https:\\\/\\\/novili.com.co\\\/blog\\\/guia-de-restaurantes-en-bogota\\\/\"]}]},{\"@type\":\"BreadcrumbList\",\"@id\":\"https:\\\/\\\/novili.com.co\\\/blog\\\/guia-de-restaurantes-en-bogota\\\/#breadcrumb\",\"itemListElement\":[{\"@type\":\"ListItem\",\"position\":1,\"name\":\"Inicio\",\"item\":\"https:\\\/\\\/novili.com.co\\\/blog\\\/\"},{\"@type\":\"ListItem\",\"position\":2,\"name\":\"Gu\u00eda de Restaurantes en Bogot\u00e1\"}]},{\"@type\":\"WebSite\",\"@id\":\"https:\\\/\\\/novili.com.co\\\/blog\\\/#website\",\"url\":\"https:\\\/\\\/novili.com.co\\\/blog\\\/\",\"name\":\"Blog N\u00f3vili\",\"description\":\"Un blog para aprender, descubrir y divertirse con lo mejor de los licores.\",\"potentialAction\":[{\"@type\":\"SearchAction\",\"target\":{\"@type\":\"EntryPoint\",\"urlTemplate\":\"https:\\\/\\\/novili.com.co\\\/blog\\\/?s={search_term_string}\"},\"query-input\":{\"@type\":\"PropertyValueSpecification\",\"valueRequired\":true,\"valueName\":\"search_term_string\"}}],\"inLanguage\":\"es\"}]}<\/script>\n<!-- \/ Yoast SEO plugin. -->","yoast_head_json":{"title":"Gu\u00eda de Restaurantes en Bogot\u00e1 - Blog N\u00f3vili","robots":{"index":"index","follow":"follow","max-snippet":"max-snippet:-1","max-image-preview":"max-image-preview:large","max-video-preview":"max-video-preview:-1"},"canonical":"https:\/\/novili.com.co\/blog\/guia-de-restaurantes-en-bogota\/","og_locale":"es_ES","og_type":"article","og_title":"Gu\u00eda de Restaurantes en Bogot\u00e1 - Blog N\u00f3vili","og_description":"Los mejores restaurantes del pa\u00eds donde puedes encontrar nuestros vinos est\u00e1n aqu\u00ed \u00a1Rico con vino, mejor con los de Novili!","og_url":"https:\/\/novili.com.co\/blog\/guia-de-restaurantes-en-bogota\/","og_site_name":"Blog N\u00f3vili","article_publisher":"https:\/\/www.facebook.com\/novili.brindamosjuntos\/","article_modified_time":"2018-07-31T21:49:14+00:00","twitter_card":"summary_large_image","twitter_site":"@NoviliBrindamos","schema":{"@context":"https:\/\/schema.org","@graph":[{"@type":"WebPage","@id":"https:\/\/novili.com.co\/blog\/guia-de-restaurantes-en-bogota\/","url":"https:\/\/novili.com.co\/blog\/guia-de-restaurantes-en-bogota\/","name":"Gu\u00eda de Restaurantes en Bogot\u00e1 - Blog N\u00f3vili","isPartOf":{"@id":"https:\/\/novili.com.co\/blog\/#website"},"datePublished":"2018-07-19T20:37:58+00:00","dateModified":"2018-07-31T21:49:14+00:00","breadcrumb":{"@id":"https:\/\/novili.com.co\/blog\/guia-de-restaurantes-en-bogota\/#breadcrumb"},"inLanguage":"es","potentialAction":[{"@type":"ReadAction","target":["https:\/\/novili.com.co\/blog\/guia-de-restaurantes-en-bogota\/"]}]},{"@type":"BreadcrumbList","@id":"https:\/\/novili.com.co\/blog\/guia-de-restaurantes-en-bogota\/#breadcrumb","itemListElement":[{"@type":"ListItem","position":1,"name":"Inicio","item":"https:\/\/novili.com.co\/blog\/"},{"@type":"ListItem","position":2,"name":"Gu\u00eda de Restaurantes en Bogot\u00e1"}]},{"@type":"WebSite","@id":"https:\/\/novili.com.co\/blog\/#website","url":"https:\/\/novili.com.co\/blog\/","name":"Blog N\u00f3vili","description":"Un blog para aprender, descubrir y divertirse con lo mejor de los licores.","potentialAction":[{"@type":"SearchAction","target":{"@type":"EntryPoint","urlTemplate":"https:\/\/novili.com.co\/blog\/?s={search_term_string}"},"query-input":{"@type":"PropertyValueSpecification","valueRequired":true,"valueName":"search_term_string"}}],"inLanguage":"es"}]}},"_links":{"self":[{"href":"https:\/\/novili.com.co\/blog\/wp-json\/wp\/v2\/pages\/3207","targetHints":{"allow":["GET"]}}],"collection":[{"href":"https:\/\/novili.com.co\/blog\/wp-json\/wp\/v2\/pages"}],"about":[{"href":"https:\/\/novili.com.co\/blog\/wp-json\/wp\/v2\/types\/page"}],"author":[{"embeddable":true,"href":"https:\/\/novili.com.co\/blog\/wp-json\/wp\/v2\/users\/2"}],"replies":[{"embeddable":true,"href":"https:\/\/novili.com.co\/blog\/wp-json\/wp\/v2\/comments?post=3207"}],"version-history":[{"count":15,"href":"https:\/\/novili.com.co\/blog\/wp-json\/wp\/v2\/pages\/3207\/revisions"}],"predecessor-version":[{"id":3360,"href":"https:\/\/novili.com.co\/blog\/wp-json\/wp\/v2\/pages\/3207\/revisions\/3360"}],"wp:attachment":[{"href":"https:\/\/novili.com.co\/blog\/wp-json\/wp\/v2\/media?parent=3207"}],"curies":[{"name":"wp","href":"https:\/\/api.w.org\/{rel}","templated":true}]}}