{"id":2958,"date":"2018-06-12T12:09:23","date_gmt":"2018-06-12T17:09:23","guid":{"rendered":"https:\/\/novili.com.co\/blog\/?page_id=2958"},"modified":"2018-11-12T11:41:02","modified_gmt":"2018-11-12T16:41:02","slug":"calculadora-de-licor","status":"publish","type":"page","link":"https:\/\/novili.com.co\/blog\/calculadora-de-licor\/","title":{"rendered":"Calculadora de Licor"},"content":{"rendered":"<div id=\"page\" class=\"\">\n<form id=\"drink\">\n<div class=\"content-group\">\n<h3>\u00bfC\u00f3mo funciona?<\/h3>\n<p class=\"intro\" style=\"font-size: 18px; line-height: normal;\">Utiliza esta herramienta para calcular la cantidad de alcohol necesaria para tu fiesta. Debes ingresar el n\u00famero de invitados y la duraci\u00f3n, luego se\u00f1ala el tipo de bebida que quieres servir.<\/p>\n<div class=\"section\">\n<p><span class=\"img-invitados\"><img loading=\"lazy\" decoding=\"async\" class=\"aligncenter size-full wp-image-2999\" src=\"https:\/\/novili.com.co\/blog\/wp-content\/uploads\/2018\/06\/icono-invitados.png\" alt=\"\" width=\"100\" height=\"100\" \/><\/span><label class=\"section-head\">Invitados<\/label><\/p>\n<div class=\"section-group\">\n<div class=\"row\"><input id=\"numAverageDrinkers\" maxlength=\"3\" min=\"0\" pattern=\"\\d*\" size=\"3\" step=\"1\" type=\"number\" value=\"1\" \/><label for=\"numAverageDrinkers\">N\u00famero de Invitados<\/label><\/div>\n<\/div>\n<\/div>\n<div class=\"section\">\n<p><span class=\"img-invitados\"><img loading=\"lazy\" decoding=\"async\" class=\"aligncenter wp-image-3013 size-full\" src=\"https:\/\/novili.com.co\/blog\/wp-content\/uploads\/2018\/06\/icono-tiempo-reloj.png\" alt=\"\" width=\"100\" height=\"100\" \/><\/span><label class=\"section-head\" for=\"durationHours\">Duraci\u00f3n de la Reuni\u00f3n<\/label><\/p>\n<div class=\"section-group\">\n<div class=\"row\"><input id=\"durationHours\" maxlength=\"3\" min=\"1\" pattern=\"\\d*\" size=\"3\" step=\"any\" type=\"number\" value=\"1\" \/><label for=\"durationHours\">Horas<\/label><\/div>\n<\/div>\n<\/div>\n<div class=\"section\">\n<p><span class=\"img-invitados\"><img loading=\"lazy\" decoding=\"async\" class=\"aligncenter wp-image-3014 size-full\" src=\"https:\/\/novili.com.co\/blog\/wp-content\/uploads\/2018\/06\/icono-brindis.png\" alt=\"\" width=\"100\" height=\"100\" \/><\/span><label class=\"section-head\">\u00bfQue vas a servir?<\/label><\/p>\n<div class=\"section-group\">\n<div class=\"row\"><input id=\"isBeerServed\" checked=\"checked\" type=\"checkbox\" value=\"Tragos Cortos\" \/><label for=\"isBeerServed\">Tragos Cortos (tipo shots)<\/label><\/div>\n<div class=\"row\"><input id=\"isWineServed\" type=\"checkbox\" value=\"Vino\" \/><label for=\"isWineServed\">Vino<\/label><\/div>\n<div class=\"row\"><input id=\"isLiquorServed\" type=\"checkbox\" value=\"Tragos Largos\" \/><label for=\"isLiquorServed\">Tragos Largos (c\u00f3cteles)<\/label><\/div>\n<\/div>\n<\/div>\n<div class=\"actions\">\n<div id=\"error_box\" class=\"hidden\"><\/div>\n<div class=\"row needed hidden\">\n<h3>Cantidad de Licor<\/h3>\n<div class=\"wrapper\">\n<div id=\"drinkin\"><\/div>\n<\/div>\n<\/div>\n<\/div>\n<\/div>\n<\/form>\n<p><script type=\"text\/javascript\" src=\"https:\/\/novili.com.co\/blog\/wp-content\/plugins\/calculadora-de-licor\/static\/js-lib\/jquery-1.12.4.min.4f252523d4af.js\" onload=\"evite.resolve('jquery', jQuery)\"><\/script><br \/>\n<script src=\"https:\/\/ajax.googleapis.com\/ajax\/libs\/jquery\/3.2.1\/jquery.min.js\"><\/script><br \/>\n<script type=\"text\/javascript\" src=\"https:\/\/novili.com.co\/blog\/wp-content\/plugins\/calculadora-de-licor\/static\/_build\/webpack_bundles\/content.drink_calculator.f974ecb69d6f.js\" ><\/script><\/p>\n<p><script type=\"text\/javascript\">\n\t$(document).ready(function() {\n\t\tevite.resolve('block js');\n\t});\n<\/script><\/p>\n<p><script>\n$(document).ready(function(){\n    $('input:checkbox').click(function() {\n        $('input:checkbox').not(this).prop('checked', false);\n    });\n});\n<\/script><\/p>\n<\/div>\n","protected":false},"excerpt":{"rendered":"<p>\u00bfC\u00f3mo funciona? Utiliza esta herramienta para calcular la cantidad de alcohol necesaria para tu fiesta. Debes ingresar el n\u00famero de invitados y la duraci\u00f3n, luego se\u00f1ala el tipo de bebida&hellip;<\/p>\n","protected":false},"author":2,"featured_media":0,"parent":0,"menu_order":0,"comment_status":"closed","ping_status":"closed","template":"","meta":{"footnotes":""},"class_list":["post-2958","page","type-page","status-publish","hentry"],"yoast_head":"<!-- This site is optimized with the Yoast SEO plugin v27.3 - https:\/\/yoast.com\/product\/yoast-seo-wordpress\/ -->\n<title>Calculadora de Licor - Blog N\u00f3vili<\/title>\n<meta name=\"robots\" content=\"index, follow, max-snippet:-1, max-image-preview:large, max-video-preview:-1\" \/>\n<link rel=\"canonical\" href=\"https:\/\/novili.com.co\/blog\/calculadora-de-licor\/\" \/>\n<meta property=\"og:locale\" content=\"es_ES\" \/>\n<meta property=\"og:type\" content=\"article\" \/>\n<meta property=\"og:title\" content=\"Calculadora de Licor - Blog N\u00f3vili\" \/>\n<meta property=\"og:description\" content=\"\u00bfC\u00f3mo funciona? Utiliza esta herramienta para calcular la cantidad de alcohol necesaria para tu fiesta. Debes ingresar el n\u00famero de invitados y la duraci\u00f3n, luego se\u00f1ala el tipo de bebida&hellip;\" \/>\n<meta property=\"og:url\" content=\"https:\/\/novili.com.co\/blog\/calculadora-de-licor\/\" \/>\n<meta property=\"og:site_name\" content=\"Blog N\u00f3vili\" \/>\n<meta property=\"article:publisher\" content=\"https:\/\/www.facebook.com\/novili.brindamosjuntos\/\" \/>\n<meta property=\"article:modified_time\" content=\"2018-11-12T16:41:02+00:00\" \/>\n<meta property=\"og:image\" content=\"https:\/\/novili.com.co\/blog\/wp-content\/uploads\/2018\/06\/icono-invitados.png\" \/>\n<meta name=\"twitter:card\" content=\"summary_large_image\" \/>\n<meta name=\"twitter:site\" content=\"@NoviliBrindamos\" \/>\n<script type=\"application\/ld+json\" class=\"yoast-schema-graph\">{\"@context\":\"https:\\\/\\\/schema.org\",\"@graph\":[{\"@type\":\"WebPage\",\"@id\":\"https:\\\/\\\/novili.com.co\\\/blog\\\/calculadora-de-licor\\\/\",\"url\":\"https:\\\/\\\/novili.com.co\\\/blog\\\/calculadora-de-licor\\\/\",\"name\":\"Calculadora de Licor - Blog N\u00f3vili\",\"isPartOf\":{\"@id\":\"https:\\\/\\\/novili.com.co\\\/blog\\\/#website\"},\"primaryImageOfPage\":{\"@id\":\"https:\\\/\\\/novili.com.co\\\/blog\\\/calculadora-de-licor\\\/#primaryimage\"},\"image\":{\"@id\":\"https:\\\/\\\/novili.com.co\\\/blog\\\/calculadora-de-licor\\\/#primaryimage\"},\"thumbnailUrl\":\"https:\\\/\\\/novili.com.co\\\/blog\\\/wp-content\\\/uploads\\\/2018\\\/06\\\/icono-invitados.png\",\"datePublished\":\"2018-06-12T17:09:23+00:00\",\"dateModified\":\"2018-11-12T16:41:02+00:00\",\"breadcrumb\":{\"@id\":\"https:\\\/\\\/novili.com.co\\\/blog\\\/calculadora-de-licor\\\/#breadcrumb\"},\"inLanguage\":\"es\",\"potentialAction\":[{\"@type\":\"ReadAction\",\"target\":[\"https:\\\/\\\/novili.com.co\\\/blog\\\/calculadora-de-licor\\\/\"]}]},{\"@type\":\"ImageObject\",\"inLanguage\":\"es\",\"@id\":\"https:\\\/\\\/novili.com.co\\\/blog\\\/calculadora-de-licor\\\/#primaryimage\",\"url\":\"https:\\\/\\\/novili.com.co\\\/blog\\\/wp-content\\\/uploads\\\/2018\\\/06\\\/icono-invitados.png\",\"contentUrl\":\"https:\\\/\\\/novili.com.co\\\/blog\\\/wp-content\\\/uploads\\\/2018\\\/06\\\/icono-invitados.png\",\"width\":100,\"height\":100},{\"@type\":\"BreadcrumbList\",\"@id\":\"https:\\\/\\\/novili.com.co\\\/blog\\\/calculadora-de-licor\\\/#breadcrumb\",\"itemListElement\":[{\"@type\":\"ListItem\",\"position\":1,\"name\":\"Inicio\",\"item\":\"https:\\\/\\\/novili.com.co\\\/blog\\\/\"},{\"@type\":\"ListItem\",\"position\":2,\"name\":\"Calculadora de Licor\"}]},{\"@type\":\"WebSite\",\"@id\":\"https:\\\/\\\/novili.com.co\\\/blog\\\/#website\",\"url\":\"https:\\\/\\\/novili.com.co\\\/blog\\\/\",\"name\":\"Blog N\u00f3vili\",\"description\":\"Un blog para aprender, descubrir y divertirse con lo mejor de los licores.\",\"potentialAction\":[{\"@type\":\"SearchAction\",\"target\":{\"@type\":\"EntryPoint\",\"urlTemplate\":\"https:\\\/\\\/novili.com.co\\\/blog\\\/?s={search_term_string}\"},\"query-input\":{\"@type\":\"PropertyValueSpecification\",\"valueRequired\":true,\"valueName\":\"search_term_string\"}}],\"inLanguage\":\"es\"}]}<\/script>\n<!-- \/ Yoast SEO plugin. -->","yoast_head_json":{"title":"Calculadora de Licor - Blog N\u00f3vili","robots":{"index":"index","follow":"follow","max-snippet":"max-snippet:-1","max-image-preview":"max-image-preview:large","max-video-preview":"max-video-preview:-1"},"canonical":"https:\/\/novili.com.co\/blog\/calculadora-de-licor\/","og_locale":"es_ES","og_type":"article","og_title":"Calculadora de Licor - Blog N\u00f3vili","og_description":"\u00bfC\u00f3mo funciona? Utiliza esta herramienta para calcular la cantidad de alcohol necesaria para tu fiesta. Debes ingresar el n\u00famero de invitados y la duraci\u00f3n, luego se\u00f1ala el tipo de bebida&hellip;","og_url":"https:\/\/novili.com.co\/blog\/calculadora-de-licor\/","og_site_name":"Blog N\u00f3vili","article_publisher":"https:\/\/www.facebook.com\/novili.brindamosjuntos\/","article_modified_time":"2018-11-12T16:41:02+00:00","og_image":[{"url":"https:\/\/novili.com.co\/blog\/wp-content\/uploads\/2018\/06\/icono-invitados.png","type":"","width":"","height":""}],"twitter_card":"summary_large_image","twitter_site":"@NoviliBrindamos","schema":{"@context":"https:\/\/schema.org","@graph":[{"@type":"WebPage","@id":"https:\/\/novili.com.co\/blog\/calculadora-de-licor\/","url":"https:\/\/novili.com.co\/blog\/calculadora-de-licor\/","name":"Calculadora de Licor - Blog N\u00f3vili","isPartOf":{"@id":"https:\/\/novili.com.co\/blog\/#website"},"primaryImageOfPage":{"@id":"https:\/\/novili.com.co\/blog\/calculadora-de-licor\/#primaryimage"},"image":{"@id":"https:\/\/novili.com.co\/blog\/calculadora-de-licor\/#primaryimage"},"thumbnailUrl":"https:\/\/novili.com.co\/blog\/wp-content\/uploads\/2018\/06\/icono-invitados.png","datePublished":"2018-06-12T17:09:23+00:00","dateModified":"2018-11-12T16:41:02+00:00","breadcrumb":{"@id":"https:\/\/novili.com.co\/blog\/calculadora-de-licor\/#breadcrumb"},"inLanguage":"es","potentialAction":[{"@type":"ReadAction","target":["https:\/\/novili.com.co\/blog\/calculadora-de-licor\/"]}]},{"@type":"ImageObject","inLanguage":"es","@id":"https:\/\/novili.com.co\/blog\/calculadora-de-licor\/#primaryimage","url":"https:\/\/novili.com.co\/blog\/wp-content\/uploads\/2018\/06\/icono-invitados.png","contentUrl":"https:\/\/novili.com.co\/blog\/wp-content\/uploads\/2018\/06\/icono-invitados.png","width":100,"height":100},{"@type":"BreadcrumbList","@id":"https:\/\/novili.com.co\/blog\/calculadora-de-licor\/#breadcrumb","itemListElement":[{"@type":"ListItem","position":1,"name":"Inicio","item":"https:\/\/novili.com.co\/blog\/"},{"@type":"ListItem","position":2,"name":"Calculadora de Licor"}]},{"@type":"WebSite","@id":"https:\/\/novili.com.co\/blog\/#website","url":"https:\/\/novili.com.co\/blog\/","name":"Blog N\u00f3vili","description":"Un blog para aprender, descubrir y divertirse con lo mejor de los licores.","potentialAction":[{"@type":"SearchAction","target":{"@type":"EntryPoint","urlTemplate":"https:\/\/novili.com.co\/blog\/?s={search_term_string}"},"query-input":{"@type":"PropertyValueSpecification","valueRequired":true,"valueName":"search_term_string"}}],"inLanguage":"es"}]}},"_links":{"self":[{"href":"https:\/\/novili.com.co\/blog\/wp-json\/wp\/v2\/pages\/2958","targetHints":{"allow":["GET"]}}],"collection":[{"href":"https:\/\/novili.com.co\/blog\/wp-json\/wp\/v2\/pages"}],"about":[{"href":"https:\/\/novili.com.co\/blog\/wp-json\/wp\/v2\/types\/page"}],"author":[{"embeddable":true,"href":"https:\/\/novili.com.co\/blog\/wp-json\/wp\/v2\/users\/2"}],"replies":[{"embeddable":true,"href":"https:\/\/novili.com.co\/blog\/wp-json\/wp\/v2\/comments?post=2958"}],"version-history":[{"count":95,"href":"https:\/\/novili.com.co\/blog\/wp-json\/wp\/v2\/pages\/2958\/revisions"}],"predecessor-version":[{"id":3784,"href":"https:\/\/novili.com.co\/blog\/wp-json\/wp\/v2\/pages\/2958\/revisions\/3784"}],"wp:attachment":[{"href":"https:\/\/novili.com.co\/blog\/wp-json\/wp\/v2\/media?parent=2958"}],"curies":[{"name":"wp","href":"https:\/\/api.w.org\/{rel}","templated":true}]}}